{"id":272,"date":"2023-06-09T10:52:27","date_gmt":"2023-06-09T08:52:27","guid":{"rendered":"https:\/\/caspers-caspers.com\/?page_id=272"},"modified":"2023-11-02T12:12:59","modified_gmt":"2023-11-02T11:12:59","slug":"courses","status":"publish","type":"page","link":"https:\/\/caspers-caspers.com\/en\/kurse\/","title":{"rendered":"Courses"},"content":{"rendered":"<div data-elementor-type=\"wp-page\" data-elementor-id=\"272\" class=\"elementor elementor-272\" data-elementor-post-type=\"page\">\n\t\t\t\t\t\t<section class=\"elementor-section elementor-top-section elementor-element elementor-element-f6ab8e8 elementor-section-boxed elementor-section-height-default elementor-section-height-default\" data-id=\"f6ab8e8\" data-element_type=\"section\" data-e-type=\"section\">\n\t\t\t\t\t\t<div class=\"elementor-container elementor-column-gap-default\">\n\t\t\t\t\t<div class=\"elementor-column elementor-col-100 elementor-top-column elementor-element elementor-element-5ff20fc\" data-id=\"5ff20fc\" data-element_type=\"column\" data-e-type=\"column\">\n\t\t\t<div class=\"elementor-widget-wrap elementor-element-populated\">\n\t\t\t\t\t\t<div class=\"elementor-element elementor-element-29336f0 elementor-widget elementor-widget-heading\" data-id=\"29336f0\" data-element_type=\"widget\" data-e-type=\"widget\" data-widget_type=\"heading.default\">\n\t\t\t\t<div class=\"elementor-widget-container\">\n\t\t\t\t\t<h2 class=\"elementor-heading-title elementor-size-default\">Discover new and inspiring solutions! <\/h2>\t\t\t\t<\/div>\n\t\t\t\t<\/div>\n\t\t\t\t<div class=\"elementor-element elementor-element-1f6c34d elementor-widget elementor-widget-text-editor\" data-id=\"1f6c34d\" data-element_type=\"widget\" data-e-type=\"widget\" data-widget_type=\"text-editor.default\">\n\t\t\t\t<div class=\"elementor-widget-container\">\n\t\t\t\t\t\t\t\t\t<p>In the dynamic landscape of today's business world, drawing inspiration from diverse sources, including those beyond our familiar corporate system, is crucial for staying agile and innovative.<br>For this very reason, we cordially invite you to participate in our open seminar, where participants from different professional fields come together to learn from and with each other. Here, you can not only enhance your knowledge and skillset but also gain valuable insights from the diverse experiences and ideas of colleagues across different sectors.<br>We are currently offer an interactive online live seminar on the topic of 'Leadership'.&nbsp;<br>As an additional bonus, we offer you a free impulse training on the topic of 'What is learning?\": The key to effectively imparting knowledge and skills and maintaining essential know-how. Currently available in German, this course will be available in English starting in February, 2024.<br>Secure your spot today and broaden your horizons! Exciting new solutions awaiting discovery.<\/p>\t\t\t\t\t\t\t\t<\/div>\n\t\t\t\t<\/div>\n\t\t\t\t\t<\/div>\n\t\t<\/div>\n\t\t\t\t\t<\/div>\n\t\t<\/section>\n\t\t\t\t<section class=\"elementor-section elementor-top-section elementor-element elementor-element-4172de7 elementor-section-boxed elementor-section-height-default elementor-section-height-default\" data-id=\"4172de7\" data-element_type=\"section\" data-e-type=\"section\">\n\t\t\t\t\t\t<div class=\"elementor-container elementor-column-gap-default\">\n\t\t\t\t\t<div class=\"elementor-column elementor-col-100 elementor-top-column elementor-element elementor-element-0a03e56\" data-id=\"0a03e56\" data-element_type=\"column\" data-e-type=\"column\">\n\t\t\t<div class=\"elementor-widget-wrap elementor-element-populated\">\n\t\t\t\t\t\t<section class=\"elementor-section elementor-inner-section elementor-element elementor-element-4214b51 elementor-section-height-min-height elementor-section-boxed elementor-section-height-default\" data-id=\"4214b51\" data-element_type=\"section\" data-e-type=\"section\">\n\t\t\t\t\t\t<div class=\"elementor-container elementor-column-gap-default\">\n\t\t\t\t\t<div class=\"elementor-column elementor-col-50 elementor-inner-column elementor-element elementor-element-27c96b9\" data-id=\"27c96b9\" data-element_type=\"column\" data-e-type=\"column\">\n\t\t\t<div class=\"elementor-widget-wrap elementor-element-populated\">\n\t\t\t\t\t\t<div class=\"elementor-element elementor-element-81a3c1c elementor-cta--skin-classic elementor-animated-content elementor-widget elementor-widget-call-to-action\" data-id=\"81a3c1c\" data-element_type=\"widget\" data-e-type=\"widget\" data-widget_type=\"call-to-action.default\">\n\t\t\t\t<div class=\"elementor-widget-container\">\n\t\t\t\t\t\t\t<div class=\"elementor-cta\">\n\t\t\t\t\t<div class=\"elementor-cta__bg-wrapper\">\n\t\t\t\t<div class=\"elementor-cta__bg elementor-bg\" style=\"background-image: url(https:\/\/caspers-caspers.com\/wp-content\/uploads\/casper-casper-kurse-fuehrung.jpg);\" role=\"img\" aria-label=\"casper-casper-courses-guide\"><\/div>\n\t\t\t\t<div class=\"elementor-cta__bg-overlay\"><\/div>\n\t\t\t<\/div>\n\t\t\t\t\t\t\t<div class=\"elementor-cta__content\">\n\t\t\t\t\n\t\t\t\t\t\t\t\t\t<h3 class=\"elementor-cta__title elementor-cta__content-item elementor-content-item\">\n\t\t\t\t\t\tTaking the lead... <br>Unleash your leadership potential\t\t\t\t\t<\/h3>\n\t\t\t\t\n\t\t\t\t\t\t\t\t\t<div class=\"elementor-cta__description elementor-cta__content-item elementor-content-item\">\n\t\t\t\t\t\tIn the dynamic realm of modern business, effective people management is a pivotal factor of success. Enhance your ability to lead through our specialized training program, designed to impart the essential skills required to lead your team with confidence and competence, steering them towards their fullest potential. Acquire greater clarity in your role and become an influential leader and role model.\t\t\t\t\t<\/div>\n\t\t\t\t\n\t\t\t\t\t\t\t\t\t<div class=\"elementor-cta__button-wrapper elementor-cta__content-item elementor-content-item\">\n\t\t\t\t\t<a class=\"elementor-cta__button elementor-button elementor-size-md\" href=\"https:\/\/caspers-caspers.com\/en\/courses\/take-the-lead\/\">\n\t\t\t\t\t\tLearn more\t\t\t\t\t<\/a>\n\t\t\t\t\t<\/div>\n\t\t\t\t\t\t\t<\/div>\n\t\t\t\t\t\t<\/div>\n\t\t\t\t\t\t<\/div>\n\t\t\t\t<\/div>\n\t\t\t\t\t<\/div>\n\t\t<\/div>\n\t\t\t\t<div class=\"elementor-column elementor-col-50 elementor-inner-column elementor-element elementor-element-0cd3fb5\" data-id=\"0cd3fb5\" data-element_type=\"column\" data-e-type=\"column\">\n\t\t\t<div class=\"elementor-widget-wrap elementor-element-populated\">\n\t\t\t\t\t\t<div class=\"elementor-element elementor-element-2035a55 elementor-cta--layout-image-above elementor-cta--skin-classic elementor-animated-content elementor-widget elementor-widget-call-to-action\" data-id=\"2035a55\" data-element_type=\"widget\" data-e-type=\"widget\" data-widget_type=\"call-to-action.default\">\n\t\t\t\t<div class=\"elementor-widget-container\">\n\t\t\t\t\t\t\t<div class=\"elementor-cta\">\n\t\t\t\t\t<div class=\"elementor-cta__bg-wrapper\">\n\t\t\t\t<div class=\"elementor-cta__bg elementor-bg\" style=\"background-image: url(https:\/\/caspers-caspers.com\/wp-content\/uploads\/casper-casper-kurse-trainer-training_02.jpg);\" role=\"img\" aria-label=\"casper-casper-courses-trainer-training_02\"><\/div>\n\t\t\t\t<div class=\"elementor-cta__bg-overlay\"><\/div>\n\t\t\t<\/div>\n\t\t\t\t\t\t\t<div class=\"elementor-cta__content\">\n\t\t\t\t\n\t\t\t\t\t\t\t\t\t<h3 class=\"elementor-cta__title elementor-cta__content-item elementor-content-item\">\n\t\t\t\t\t\tTrain the Trainer\t\t\t\t\t<\/h3>\n\t\t\t\t\n\t\t\t\t\t\t\t\t\t<div class=\"elementor-cta__description elementor-cta__content-item elementor-content-item\">\n\t\t\t\t\t\tSupport optimal learning success by designing brain-friendly and sustainable trainings and seminars.\nCreate transformative learning experiences through the power of experiential orientation and design meaningful learning environments that inspire and enable impassioned learning.\t\t\t\t\t<\/div>\n\t\t\t\t\n\t\t\t\t\t\t\t\t\t<div class=\"elementor-cta__button-wrapper elementor-cta__content-item elementor-content-item\">\n\t\t\t\t\t<a class=\"elementor-cta__button elementor-button elementor-size-md\" href=\"https:\/\/caspers-caspers.com\/en\/courses\/train-the-trainer-impulse\/\">\n\t\t\t\t\t\tLearn more\t\t\t\t\t<\/a>\n\t\t\t\t\t<\/div>\n\t\t\t\t\t\t\t<\/div>\n\t\t\t\t\t\t<\/div>\n\t\t\t\t\t\t<\/div>\n\t\t\t\t<\/div>\n\t\t\t\t\t<\/div>\n\t\t<\/div>\n\t\t\t\t\t<\/div>\n\t\t<\/section>\n\t\t\t\t\t<\/div>\n\t\t<\/div>\n\t\t\t\t\t<\/div>\n\t\t<\/section>\n\t\t\t\t<\/div>","protected":false},"excerpt":{"rendered":"<p>Entdecken Sie neue L\u00f6sungswege! In unserer sich st\u00e4ndig ver\u00e4ndernden Gesch\u00e4ftswelt ist es entscheidend, sich von verschiedenen Quellen inspirieren zu lassen &#8211; auch abseits unseres gewohnten Firmensystems.Genau aus diesem Grund laden wir Sie herzlich zu unserem offenen Seminar ein, in welchem Teilnehmende aus verschiedenen Berufsfeldern zusammenkommen, um voneinander zu lernen. Hier haben Sie die M\u00f6glichkeit, Ihr [&hellip;]<\/p>\n","protected":false},"author":1,"featured_media":1478,"parent":0,"menu_order":0,"comment_status":"closed","ping_status":"closed","template":"","meta":{"footnotes":""},"class_list":["post-272","page","type-page","status-publish","has-post-thumbnail","hentry"],"yoast_head":"<!-- This site is optimized with the Yoast SEO plugin v27.3 - https:\/\/yoast.com\/product\/yoast-seo-wordpress\/ -->\n<title>Kurse - Caspers &amp; Caspers<\/title>\n<meta name=\"robots\" content=\"index, follow, max-snippet:-1, max-image-preview:large, max-video-preview:-1\" \/>\n<link rel=\"canonical\" href=\"https:\/\/caspers-caspers.com\/en\/courses\/\" \/>\n<meta property=\"og:locale\" content=\"en_US\" \/>\n<meta property=\"og:type\" content=\"article\" \/>\n<meta property=\"og:title\" content=\"Kurse - Caspers &amp; Caspers\" \/>\n<meta property=\"og:description\" content=\"Entdecken Sie neue L\u00f6sungswege! In unserer sich st\u00e4ndig ver\u00e4ndernden Gesch\u00e4ftswelt ist es entscheidend, sich von verschiedenen Quellen inspirieren zu lassen &#8211; auch abseits unseres gewohnten Firmensystems.Genau aus diesem Grund laden wir Sie herzlich zu unserem offenen Seminar ein, in welchem Teilnehmende aus verschiedenen Berufsfeldern zusammenkommen, um voneinander zu lernen. Hier haben Sie die M\u00f6glichkeit, Ihr [&hellip;]\" \/>\n<meta property=\"og:url\" content=\"https:\/\/caspers-caspers.com\/en\/courses\/\" \/>\n<meta property=\"og:site_name\" content=\"Caspers &amp; Caspers\" \/>\n<meta property=\"article:modified_time\" content=\"2023-11-02T11:12:59+00:00\" \/>\n<meta property=\"og:image\" content=\"https:\/\/caspers-caspers.com\/wp-content\/uploads\/caspers-caspers_kurse.jpg\" \/>\n\t<meta property=\"og:image:width\" content=\"1920\" \/>\n\t<meta property=\"og:image:height\" content=\"661\" \/>\n\t<meta property=\"og:image:type\" content=\"image\/jpeg\" \/>\n<meta name=\"twitter:card\" content=\"summary_large_image\" \/>\n<meta name=\"twitter:label1\" content=\"Est. reading time\" \/>\n\t<meta name=\"twitter:data1\" content=\"2 minutes\" \/>\n<script type=\"application\/ld+json\" class=\"yoast-schema-graph\">{\"@context\":\"https:\\\/\\\/schema.org\",\"@graph\":[{\"@type\":\"WebPage\",\"@id\":\"https:\\\/\\\/caspers-caspers.com\\\/kurse\\\/\",\"url\":\"https:\\\/\\\/caspers-caspers.com\\\/kurse\\\/\",\"name\":\"Kurse - Caspers &amp; Caspers\",\"isPartOf\":{\"@id\":\"https:\\\/\\\/caspers-caspers.com\\\/#website\"},\"primaryImageOfPage\":{\"@id\":\"https:\\\/\\\/caspers-caspers.com\\\/kurse\\\/#primaryimage\"},\"image\":{\"@id\":\"https:\\\/\\\/caspers-caspers.com\\\/kurse\\\/#primaryimage\"},\"thumbnailUrl\":\"https:\\\/\\\/caspers-caspers.com\\\/wp-content\\\/uploads\\\/caspers-caspers_kurse.jpg\",\"datePublished\":\"2023-06-09T08:52:27+00:00\",\"dateModified\":\"2023-11-02T11:12:59+00:00\",\"breadcrumb\":{\"@id\":\"https:\\\/\\\/caspers-caspers.com\\\/kurse\\\/#breadcrumb\"},\"inLanguage\":\"en-US\",\"potentialAction\":[{\"@type\":\"ReadAction\",\"target\":[\"https:\\\/\\\/caspers-caspers.com\\\/kurse\\\/\"]}]},{\"@type\":\"ImageObject\",\"inLanguage\":\"en-US\",\"@id\":\"https:\\\/\\\/caspers-caspers.com\\\/kurse\\\/#primaryimage\",\"url\":\"https:\\\/\\\/caspers-caspers.com\\\/wp-content\\\/uploads\\\/caspers-caspers_kurse.jpg\",\"contentUrl\":\"https:\\\/\\\/caspers-caspers.com\\\/wp-content\\\/uploads\\\/caspers-caspers_kurse.jpg\",\"width\":1920,\"height\":661},{\"@type\":\"BreadcrumbList\",\"@id\":\"https:\\\/\\\/caspers-caspers.com\\\/kurse\\\/#breadcrumb\",\"itemListElement\":[{\"@type\":\"ListItem\",\"position\":1,\"name\":\"Startseite\",\"item\":\"https:\\\/\\\/caspers-caspers.com\\\/de\\\/\"},{\"@type\":\"ListItem\",\"position\":2,\"name\":\"Kurse\"}]},{\"@type\":\"WebSite\",\"@id\":\"https:\\\/\\\/caspers-caspers.com\\\/#website\",\"url\":\"https:\\\/\\\/caspers-caspers.com\\\/\",\"name\":\"Caspers &amp; Caspers\",\"description\":\"Die Kunst der gelungenen Interaktion\",\"publisher\":{\"@id\":\"https:\\\/\\\/caspers-caspers.com\\\/#organization\"},\"potentialAction\":[{\"@type\":\"SearchAction\",\"target\":{\"@type\":\"EntryPoint\",\"urlTemplate\":\"https:\\\/\\\/caspers-caspers.com\\\/?s={search_term_string}\"},\"query-input\":{\"@type\":\"PropertyValueSpecification\",\"valueRequired\":true,\"valueName\":\"search_term_string\"}}],\"inLanguage\":\"en-US\"},{\"@type\":\"Organization\",\"@id\":\"https:\\\/\\\/caspers-caspers.com\\\/#organization\",\"name\":\"Caspers &amp; Caspers\",\"url\":\"https:\\\/\\\/caspers-caspers.com\\\/\",\"logo\":{\"@type\":\"ImageObject\",\"inLanguage\":\"en-US\",\"@id\":\"https:\\\/\\\/caspers-caspers.com\\\/#\\\/schema\\\/logo\\\/image\\\/\",\"url\":\"https:\\\/\\\/caspers-caspers.com\\\/wp-content\\\/uploads\\\/cropped-CundC_Logo_Final_2023_001.png\",\"contentUrl\":\"https:\\\/\\\/caspers-caspers.com\\\/wp-content\\\/uploads\\\/cropped-CundC_Logo_Final_2023_001.png\",\"width\":500,\"height\":143,\"caption\":\"Caspers &amp; Caspers\"},\"image\":{\"@id\":\"https:\\\/\\\/caspers-caspers.com\\\/#\\\/schema\\\/logo\\\/image\\\/\"}}]}<\/script>\n<!-- \/ Yoast SEO plugin. -->","yoast_head_json":{"title":"Courses - Caspers &amp; Caspers","robots":{"index":"index","follow":"follow","max-snippet":"max-snippet:-1","max-image-preview":"max-image-preview:large","max-video-preview":"max-video-preview:-1"},"canonical":"https:\/\/caspers-caspers.com\/en\/courses\/","og_locale":"en_US","og_type":"article","og_title":"Kurse - Caspers &amp; Caspers","og_description":"Entdecken Sie neue L\u00f6sungswege! In unserer sich st\u00e4ndig ver\u00e4ndernden Gesch\u00e4ftswelt ist es entscheidend, sich von verschiedenen Quellen inspirieren zu lassen &#8211; auch abseits unseres gewohnten Firmensystems.Genau aus diesem Grund laden wir Sie herzlich zu unserem offenen Seminar ein, in welchem Teilnehmende aus verschiedenen Berufsfeldern zusammenkommen, um voneinander zu lernen. Hier haben Sie die M\u00f6glichkeit, Ihr [&hellip;]","og_url":"https:\/\/caspers-caspers.com\/en\/courses\/","og_site_name":"Caspers &amp; Caspers","article_modified_time":"2023-11-02T11:12:59+00:00","og_image":[{"width":1920,"height":661,"url":"https:\/\/caspers-caspers.com\/wp-content\/uploads\/caspers-caspers_kurse.jpg","type":"image\/jpeg"}],"twitter_card":"summary_large_image","twitter_misc":{"Est. reading time":"2 minutes"},"schema":{"@context":"https:\/\/schema.org","@graph":[{"@type":"WebPage","@id":"https:\/\/caspers-caspers.com\/kurse\/","url":"https:\/\/caspers-caspers.com\/kurse\/","name":"Courses - Caspers &amp; Caspers","isPartOf":{"@id":"https:\/\/caspers-caspers.com\/#website"},"primaryImageOfPage":{"@id":"https:\/\/caspers-caspers.com\/kurse\/#primaryimage"},"image":{"@id":"https:\/\/caspers-caspers.com\/kurse\/#primaryimage"},"thumbnailUrl":"https:\/\/caspers-caspers.com\/wp-content\/uploads\/caspers-caspers_kurse.jpg","datePublished":"2023-06-09T08:52:27+00:00","dateModified":"2023-11-02T11:12:59+00:00","breadcrumb":{"@id":"https:\/\/caspers-caspers.com\/kurse\/#breadcrumb"},"inLanguage":"en-US","potentialAction":[{"@type":"ReadAction","target":["https:\/\/caspers-caspers.com\/kurse\/"]}]},{"@type":"ImageObject","inLanguage":"en-US","@id":"https:\/\/caspers-caspers.com\/kurse\/#primaryimage","url":"https:\/\/caspers-caspers.com\/wp-content\/uploads\/caspers-caspers_kurse.jpg","contentUrl":"https:\/\/caspers-caspers.com\/wp-content\/uploads\/caspers-caspers_kurse.jpg","width":1920,"height":661},{"@type":"BreadcrumbList","@id":"https:\/\/caspers-caspers.com\/kurse\/#breadcrumb","itemListElement":[{"@type":"ListItem","position":1,"name":"Startseite","item":"https:\/\/caspers-caspers.com\/de\/"},{"@type":"ListItem","position":2,"name":"Kurse"}]},{"@type":"WebSite","@id":"https:\/\/caspers-caspers.com\/#website","url":"https:\/\/caspers-caspers.com\/","name":"Caspers &amp; Caspers","description":"The art of successful interaction","publisher":{"@id":"https:\/\/caspers-caspers.com\/#organization"},"potentialAction":[{"@type":"SearchAction","target":{"@type":"EntryPoint","urlTemplate":"https:\/\/caspers-caspers.com\/?s={search_term_string}"},"query-input":{"@type":"PropertyValueSpecification","valueRequired":true,"valueName":"search_term_string"}}],"inLanguage":"en-US"},{"@type":"Organization","@id":"https:\/\/caspers-caspers.com\/#organization","name":"Caspers &amp; Caspers","url":"https:\/\/caspers-caspers.com\/","logo":{"@type":"ImageObject","inLanguage":"en-US","@id":"https:\/\/caspers-caspers.com\/#\/schema\/logo\/image\/","url":"https:\/\/caspers-caspers.com\/wp-content\/uploads\/cropped-CundC_Logo_Final_2023_001.png","contentUrl":"https:\/\/caspers-caspers.com\/wp-content\/uploads\/cropped-CundC_Logo_Final_2023_001.png","width":500,"height":143,"caption":"Caspers &amp; Caspers"},"image":{"@id":"https:\/\/caspers-caspers.com\/#\/schema\/logo\/image\/"}}]}},"_links":{"self":[{"href":"https:\/\/caspers-caspers.com\/en\/wp-json\/wp\/v2\/pages\/272","targetHints":{"allow":["GET"]}}],"collection":[{"href":"https:\/\/caspers-caspers.com\/en\/wp-json\/wp\/v2\/pages"}],"about":[{"href":"https:\/\/caspers-caspers.com\/en\/wp-json\/wp\/v2\/types\/page"}],"author":[{"embeddable":true,"href":"https:\/\/caspers-caspers.com\/en\/wp-json\/wp\/v2\/users\/1"}],"replies":[{"embeddable":true,"href":"https:\/\/caspers-caspers.com\/en\/wp-json\/wp\/v2\/comments?post=272"}],"version-history":[{"count":50,"href":"https:\/\/caspers-caspers.com\/en\/wp-json\/wp\/v2\/pages\/272\/revisions"}],"predecessor-version":[{"id":1672,"href":"https:\/\/caspers-caspers.com\/en\/wp-json\/wp\/v2\/pages\/272\/revisions\/1672"}],"wp:featuredmedia":[{"embeddable":true,"href":"https:\/\/caspers-caspers.com\/en\/wp-json\/wp\/v2\/media\/1478"}],"wp:attachment":[{"href":"https:\/\/caspers-caspers.com\/en\/wp-json\/wp\/v2\/media?parent=272"}],"curies":[{"name":"wp","href":"https:\/\/api.w.org\/{rel}","templated":true}]}}