{"id":1417,"date":"2023-10-27T15:02:38","date_gmt":"2023-10-27T13:02:38","guid":{"rendered":"https:\/\/caspers-caspers.com\/?page_id=1417"},"modified":"2025-02-21T13:30:26","modified_gmt":"2025-02-21T12:30:26","slug":"agb","status":"publish","type":"page","link":"https:\/\/caspers-caspers.com\/en\/agb\/","title":{"rendered":"terms &amp; conditions"},"content":{"rendered":"<div data-elementor-type=\"wp-page\" data-elementor-id=\"1417\" class=\"elementor elementor-1417\" data-elementor-post-type=\"page\">\n\t\t\t\t\t\t<section class=\"elementor-section elementor-top-section elementor-element elementor-element-df23895 elementor-section-boxed elementor-section-height-default elementor-section-height-default\" data-id=\"df23895\" data-element_type=\"section\" data-e-type=\"section\">\n\t\t\t\t\t\t<div class=\"elementor-container elementor-column-gap-default\">\n\t\t\t\t\t<div class=\"elementor-column elementor-col-100 elementor-top-column elementor-element elementor-element-6e65dd4\" data-id=\"6e65dd4\" data-element_type=\"column\" data-e-type=\"column\">\n\t\t\t<div class=\"elementor-widget-wrap elementor-element-populated\">\n\t\t\t\t\t\t<div class=\"elementor-element elementor-element-b554552 elementor-widget elementor-widget-text-editor\" data-id=\"b554552\" data-element_type=\"widget\" data-e-type=\"widget\" data-widget_type=\"text-editor.default\">\n\t\t\t\t<div class=\"elementor-widget-container\">\n\t\t\t\t\t\t\t\t\t<h2>Cancellation policy for open seminars:<\/h2>\n<ul>\n<li>If participation in the seminar is canceled up to 8 weeks before the date: No cancellation fee.<\/li>\n<li>If participation is canceled between 8 and 6 weeks before the date: 50% of the participation fee.<\/li>\n<li>Cancellations after 6 weeks before the date of the course will be charged 100% of the participation fee.<\/li>\n<li>This cancellation rule does not apply if a mutual agreement to change the deadline is reached between Caspers &amp; Caspers GbR Oliver &amp; Silke Caspers and the participant before the cancellation deadline expires or if a representative is named by the participant.<\/li>\n<\/ul>\n<h2>Withdrawal from the contract by Caspers &amp; Caspers GbR Oliver &amp; Silke Caspers:<\/h2>\n<ul>\n<li>Caspers &amp; Caspers GbR Oliver &amp; Silke Caspers reserves the right to cancel the course in the event of force majeure (in particular illness, accident, etc. of the trainer) or other circumstances for which Caspers &amp; Caspers GbR Oliver &amp; Silke Caspers is not responsible (war, life-threatening circumstances at the place of execution, etc.).<\/li>\n<li>In such cases, the participant will be notified as soon as possible. If possible, a replacement trainer will be named. Any additional costs incurred by Caspers &amp; Caspers GbR Oliver &amp; Silke Caspers will be borne by Caspers &amp; Caspers GbR Oliver &amp; Silke Caspers. Otherwise an alternative date will be named.<\/li>\n<\/ul>\n<h2>Payment terms and deadlines:<\/h2>\n<ul>\n<li>The fee will be invoiced immediately after booking with immediate payment terms. The invoice is usually sent by e-mail.<\/li>\n<li>Payment in installments can be agreed individually.<\/li>\n<li>In the event of default, Caspers &amp; Caspers GbR Oliver &amp; Silke Caspers reserves the right to charge default interest of 8 % above the current prime rate in accordance with \u00a7247 BGB.<\/li>\n<\/ul>\n<h2>Copyright and rights of use:<\/h2>\n<ul>\n<li>Caspers &amp; Caspers GbR Oliver &amp; Silke Caspers is the owner of all rights to concepts, training documents, materials and hand-outs.<\/li>\n<li>Any use of these concepts, training documents, material, and\/or hand-outs or passing them on to third parties outside the training measures, in particular the reproduction and\/or duplication of<br>Training documents - including excerpts - in any form is prohibited.<\/li>\n<li>Copyright notices, trademarks or brand names may not be removed.<\/li>\n<li>In all other respects, the statutory provisions, in particular copyright and criminal law, apply.<\/li>\n<\/ul>\n<h2>Confidentiality:<\/h2>\n<ul>\n<li>Participants commit to treating the contributions and identities of other participants as strictly confidential, unless explicitly requested by individuals. Failure to do so may have legal consequences.<\/li>\n<\/ul>\t\t\t\t\t\t\t\t<\/div>\n\t\t\t\t<\/div>\n\t\t\t\t\t<\/div>\n\t\t<\/div>\n\t\t\t\t\t<\/div>\n\t\t<\/section>\n\t\t\t\t<\/div>","protected":false},"excerpt":{"rendered":"<p>Stornoregelung f\u00fcr offenes Seminar: Wenn die Teilnahme am Seminar bis zu 8 Wochen vor Termin storniert wird: Keine Stornogeb\u00fchr. Wenn die Teilnahme zwischen 8 und 6 Wochen vor Termin storniert wird: 50% der Teilnehmergeb\u00fchr. Bei einer Stornierung nach 6 Wochen vor Termin fallen 100% der Teilnehmergeb\u00fchr an. Diese Stornoregelung entf\u00e4llt, wenn vor Ablauf der Stornofrist [&hellip;]<\/p>\n","protected":false},"author":1,"featured_media":688,"parent":0,"menu_order":0,"comment_status":"closed","ping_status":"closed","template":"","meta":{"footnotes":""},"class_list":["post-1417","page","type-page","status-publish","has-post-thumbnail","hentry"],"yoast_head":"<!-- This site is optimized with the Yoast SEO plugin v27.2 - https:\/\/yoast.com\/product\/yoast-seo-wordpress\/ -->\n<title>AGB - Caspers &amp; Caspers<\/title>\n<meta name=\"robots\" content=\"index, follow, max-snippet:-1, max-image-preview:large, max-video-preview:-1\" \/>\n<link rel=\"canonical\" href=\"https:\/\/caspers-caspers.com\/en\/agb\/\" \/>\n<meta property=\"og:locale\" content=\"en_US\" \/>\n<meta property=\"og:type\" content=\"article\" \/>\n<meta property=\"og:title\" content=\"AGB - Caspers &amp; Caspers\" \/>\n<meta property=\"og:description\" content=\"Stornoregelung f\u00fcr offenes Seminar: Wenn die Teilnahme am Seminar bis zu 8 Wochen vor Termin storniert wird: Keine Stornogeb\u00fchr. Wenn die Teilnahme zwischen 8 und 6 Wochen vor Termin storniert wird: 50% der Teilnehmergeb\u00fchr. Bei einer Stornierung nach 6 Wochen vor Termin fallen 100% der Teilnehmergeb\u00fchr an. Diese Stornoregelung entf\u00e4llt, wenn vor Ablauf der Stornofrist [&hellip;]\" \/>\n<meta property=\"og:url\" content=\"https:\/\/caspers-caspers.com\/en\/agb\/\" \/>\n<meta property=\"og:site_name\" content=\"Caspers &amp; Caspers\" \/>\n<meta property=\"article:modified_time\" content=\"2025-02-21T12:30:26+00:00\" \/>\n<meta property=\"og:image\" content=\"https:\/\/caspers-caspers.com\/wp-content\/uploads\/caspers-caspers-ueber-uns-2023-003.jpg\" \/>\n\t<meta property=\"og:image:width\" content=\"1920\" \/>\n\t<meta property=\"og:image:height\" content=\"710\" \/>\n\t<meta property=\"og:image:type\" content=\"image\/jpeg\" \/>\n<meta name=\"twitter:card\" content=\"summary_large_image\" \/>\n<meta name=\"twitter:label1\" content=\"Est. reading time\" \/>\n\t<meta name=\"twitter:data1\" content=\"2 minutes\" \/>\n<script type=\"application\/ld+json\" class=\"yoast-schema-graph\">{\"@context\":\"https:\/\/schema.org\",\"@graph\":[{\"@type\":\"WebPage\",\"@id\":\"https:\/\/caspers-caspers.com\/agb\/\",\"url\":\"https:\/\/caspers-caspers.com\/agb\/\",\"name\":\"AGB - Caspers &amp; Caspers\",\"isPartOf\":{\"@id\":\"https:\/\/caspers-caspers.com\/#website\"},\"primaryImageOfPage\":{\"@id\":\"https:\/\/caspers-caspers.com\/agb\/#primaryimage\"},\"image\":{\"@id\":\"https:\/\/caspers-caspers.com\/agb\/#primaryimage\"},\"thumbnailUrl\":\"https:\/\/caspers-caspers.com\/wp-content\/uploads\/caspers-caspers-ueber-uns-2023-003.jpg\",\"datePublished\":\"2023-10-27T13:02:38+00:00\",\"dateModified\":\"2025-02-21T12:30:26+00:00\",\"breadcrumb\":{\"@id\":\"https:\/\/caspers-caspers.com\/agb\/#breadcrumb\"},\"inLanguage\":\"en-US\",\"potentialAction\":[{\"@type\":\"ReadAction\",\"target\":[\"https:\/\/caspers-caspers.com\/agb\/\"]}]},{\"@type\":\"ImageObject\",\"inLanguage\":\"en-US\",\"@id\":\"https:\/\/caspers-caspers.com\/agb\/#primaryimage\",\"url\":\"https:\/\/caspers-caspers.com\/wp-content\/uploads\/caspers-caspers-ueber-uns-2023-003.jpg\",\"contentUrl\":\"https:\/\/caspers-caspers.com\/wp-content\/uploads\/caspers-caspers-ueber-uns-2023-003.jpg\",\"width\":1920,\"height\":710},{\"@type\":\"BreadcrumbList\",\"@id\":\"https:\/\/caspers-caspers.com\/agb\/#breadcrumb\",\"itemListElement\":[{\"@type\":\"ListItem\",\"position\":1,\"name\":\"Startseite\",\"item\":\"https:\/\/caspers-caspers.com\/de\/\"},{\"@type\":\"ListItem\",\"position\":2,\"name\":\"AGB\"}]},{\"@type\":\"WebSite\",\"@id\":\"https:\/\/caspers-caspers.com\/#website\",\"url\":\"https:\/\/caspers-caspers.com\/\",\"name\":\"Caspers &amp; Caspers\",\"description\":\"Die Kunst der gelungenen Interaktion\",\"publisher\":{\"@id\":\"https:\/\/caspers-caspers.com\/#organization\"},\"potentialAction\":[{\"@type\":\"SearchAction\",\"target\":{\"@type\":\"EntryPoint\",\"urlTemplate\":\"https:\/\/caspers-caspers.com\/?s={search_term_string}\"},\"query-input\":{\"@type\":\"PropertyValueSpecification\",\"valueRequired\":true,\"valueName\":\"search_term_string\"}}],\"inLanguage\":\"en-US\"},{\"@type\":\"Organization\",\"@id\":\"https:\/\/caspers-caspers.com\/#organization\",\"name\":\"Caspers &amp; Caspers\",\"url\":\"https:\/\/caspers-caspers.com\/\",\"logo\":{\"@type\":\"ImageObject\",\"inLanguage\":\"en-US\",\"@id\":\"https:\/\/caspers-caspers.com\/#\/schema\/logo\/image\/\",\"url\":\"https:\/\/caspers-caspers.com\/wp-content\/uploads\/cropped-CundC_Logo_Final_2023_001.png\",\"contentUrl\":\"https:\/\/caspers-caspers.com\/wp-content\/uploads\/cropped-CundC_Logo_Final_2023_001.png\",\"width\":500,\"height\":143,\"caption\":\"Caspers &amp; Caspers\"},\"image\":{\"@id\":\"https:\/\/caspers-caspers.com\/#\/schema\/logo\/image\/\"}}]}<\/script>\n<!-- \/ Yoast SEO plugin. -->","yoast_head_json":{"title":"General terms and conditions - Caspers &amp; Caspers","robots":{"index":"index","follow":"follow","max-snippet":"max-snippet:-1","max-image-preview":"max-image-preview:large","max-video-preview":"max-video-preview:-1"},"canonical":"https:\/\/caspers-caspers.com\/en\/agb\/","og_locale":"en_US","og_type":"article","og_title":"AGB - Caspers &amp; Caspers","og_description":"Stornoregelung f\u00fcr offenes Seminar: Wenn die Teilnahme am Seminar bis zu 8 Wochen vor Termin storniert wird: Keine Stornogeb\u00fchr. Wenn die Teilnahme zwischen 8 und 6 Wochen vor Termin storniert wird: 50% der Teilnehmergeb\u00fchr. Bei einer Stornierung nach 6 Wochen vor Termin fallen 100% der Teilnehmergeb\u00fchr an. Diese Stornoregelung entf\u00e4llt, wenn vor Ablauf der Stornofrist [&hellip;]","og_url":"https:\/\/caspers-caspers.com\/en\/agb\/","og_site_name":"Caspers &amp; Caspers","article_modified_time":"2025-02-21T12:30:26+00:00","og_image":[{"width":1920,"height":710,"url":"https:\/\/caspers-caspers.com\/wp-content\/uploads\/caspers-caspers-ueber-uns-2023-003.jpg","type":"image\/jpeg"}],"twitter_card":"summary_large_image","twitter_misc":{"Est. reading time":"2 minutes"},"schema":{"@context":"https:\/\/schema.org","@graph":[{"@type":"WebPage","@id":"https:\/\/caspers-caspers.com\/agb\/","url":"https:\/\/caspers-caspers.com\/agb\/","name":"General terms and conditions - Caspers &amp; Caspers","isPartOf":{"@id":"https:\/\/caspers-caspers.com\/#website"},"primaryImageOfPage":{"@id":"https:\/\/caspers-caspers.com\/agb\/#primaryimage"},"image":{"@id":"https:\/\/caspers-caspers.com\/agb\/#primaryimage"},"thumbnailUrl":"https:\/\/caspers-caspers.com\/wp-content\/uploads\/caspers-caspers-ueber-uns-2023-003.jpg","datePublished":"2023-10-27T13:02:38+00:00","dateModified":"2025-02-21T12:30:26+00:00","breadcrumb":{"@id":"https:\/\/caspers-caspers.com\/agb\/#breadcrumb"},"inLanguage":"en-US","potentialAction":[{"@type":"ReadAction","target":["https:\/\/caspers-caspers.com\/agb\/"]}]},{"@type":"ImageObject","inLanguage":"en-US","@id":"https:\/\/caspers-caspers.com\/agb\/#primaryimage","url":"https:\/\/caspers-caspers.com\/wp-content\/uploads\/caspers-caspers-ueber-uns-2023-003.jpg","contentUrl":"https:\/\/caspers-caspers.com\/wp-content\/uploads\/caspers-caspers-ueber-uns-2023-003.jpg","width":1920,"height":710},{"@type":"BreadcrumbList","@id":"https:\/\/caspers-caspers.com\/agb\/#breadcrumb","itemListElement":[{"@type":"ListItem","position":1,"name":"Startseite","item":"https:\/\/caspers-caspers.com\/de\/"},{"@type":"ListItem","position":2,"name":"AGB"}]},{"@type":"WebSite","@id":"https:\/\/caspers-caspers.com\/#website","url":"https:\/\/caspers-caspers.com\/","name":"Caspers &amp; Caspers","description":"The art of successful interaction","publisher":{"@id":"https:\/\/caspers-caspers.com\/#organization"},"potentialAction":[{"@type":"SearchAction","target":{"@type":"EntryPoint","urlTemplate":"https:\/\/caspers-caspers.com\/?s={search_term_string}"},"query-input":{"@type":"PropertyValueSpecification","valueRequired":true,"valueName":"search_term_string"}}],"inLanguage":"en-US"},{"@type":"Organization","@id":"https:\/\/caspers-caspers.com\/#organization","name":"Caspers &amp; Caspers","url":"https:\/\/caspers-caspers.com\/","logo":{"@type":"ImageObject","inLanguage":"en-US","@id":"https:\/\/caspers-caspers.com\/#\/schema\/logo\/image\/","url":"https:\/\/caspers-caspers.com\/wp-content\/uploads\/cropped-CundC_Logo_Final_2023_001.png","contentUrl":"https:\/\/caspers-caspers.com\/wp-content\/uploads\/cropped-CundC_Logo_Final_2023_001.png","width":500,"height":143,"caption":"Caspers &amp; Caspers"},"image":{"@id":"https:\/\/caspers-caspers.com\/#\/schema\/logo\/image\/"}}]}},"_links":{"self":[{"href":"https:\/\/caspers-caspers.com\/en\/wp-json\/wp\/v2\/pages\/1417","targetHints":{"allow":["GET"]}}],"collection":[{"href":"https:\/\/caspers-caspers.com\/en\/wp-json\/wp\/v2\/pages"}],"about":[{"href":"https:\/\/caspers-caspers.com\/en\/wp-json\/wp\/v2\/types\/page"}],"author":[{"embeddable":true,"href":"https:\/\/caspers-caspers.com\/en\/wp-json\/wp\/v2\/users\/1"}],"replies":[{"embeddable":true,"href":"https:\/\/caspers-caspers.com\/en\/wp-json\/wp\/v2\/comments?post=1417"}],"version-history":[{"count":9,"href":"https:\/\/caspers-caspers.com\/en\/wp-json\/wp\/v2\/pages\/1417\/revisions"}],"predecessor-version":[{"id":2917,"href":"https:\/\/caspers-caspers.com\/en\/wp-json\/wp\/v2\/pages\/1417\/revisions\/2917"}],"wp:featuredmedia":[{"embeddable":true,"href":"https:\/\/caspers-caspers.com\/en\/wp-json\/wp\/v2\/media\/688"}],"wp:attachment":[{"href":"https:\/\/caspers-caspers.com\/en\/wp-json\/wp\/v2\/media?parent=1417"}],"curies":[{"name":"wp","href":"https:\/\/api.w.org\/{rel}","templated":true}]}}