{"id":121,"date":"2023-06-09T10:16:27","date_gmt":"2023-06-09T08:16:27","guid":{"rendered":"https:\/\/caspers-caspers.com\/web\/"},"modified":"2023-11-14T12:08:57","modified_gmt":"2023-11-14T11:08:57","slug":"coaching","status":"publish","type":"page","link":"https:\/\/caspers-caspers.com\/en\/prozessbegleitung-business\/coaching\/","title":{"rendered":"Coaching"},"content":{"rendered":"<div data-elementor-type=\"wp-page\" data-elementor-id=\"121\" class=\"elementor elementor-121\" data-elementor-post-type=\"page\">\n\t\t\t\t\t\t<section class=\"elementor-section elementor-top-section elementor-element elementor-element-ae2c321 elementor-section-boxed elementor-section-height-default elementor-section-height-default\" data-id=\"ae2c321\" data-element_type=\"section\" data-e-type=\"section\">\n\t\t\t\t\t\t<div class=\"elementor-container elementor-column-gap-default\">\n\t\t\t\t\t<div class=\"elementor-column elementor-col-100 elementor-top-column elementor-element elementor-element-e1e3622\" data-id=\"e1e3622\" data-element_type=\"column\" data-e-type=\"column\">\n\t\t\t<div class=\"elementor-widget-wrap elementor-element-populated\">\n\t\t\t\t\t\t<div class=\"elementor-element elementor-element-1bfcaea elementor-widget elementor-widget-heading\" data-id=\"1bfcaea\" data-element_type=\"widget\" data-e-type=\"widget\" data-widget_type=\"heading.default\">\n\t\t\t\t<div class=\"elementor-widget-container\">\n\t\t\t\t\t<h2 class=\"elementor-heading-title elementor-size-default\">Discover and develop your higher potential !<\/h2>\t\t\t\t<\/div>\n\t\t\t\t<\/div>\n\t\t\t\t<div class=\"elementor-element elementor-element-12d4bbd elementor-widget elementor-widget-text-editor\" data-id=\"12d4bbd\" data-element_type=\"widget\" data-e-type=\"widget\" data-widget_type=\"text-editor.default\">\n\t\t\t\t<div class=\"elementor-widget-container\">\n\t\t\t\t\t\t\t\t\t<p>Coaching is a powerful tool for personal growth and success. As seasoned coaches, we help you tackle and overcome obstacles by digging into and unraveling strongly rooted patterns. This leads to establishing new, more meaningful patterns and gaining inner clarity, allowing you to address real-life personal and role-related issues directly. We provide practical tools to speed up your personal development, highlight your strengths, and support your overall growth.<\/p>\t\t\t\t\t\t\t\t<\/div>\n\t\t\t\t<\/div>\n\t\t\t\t\t<\/div>\n\t\t<\/div>\n\t\t\t\t\t<\/div>\n\t\t<\/section>\n\t\t\t\t<section class=\"elementor-section elementor-top-section elementor-element elementor-element-618fb06 elementor-section-height-min-height elementor-section-items-stretch elementor-section-boxed elementor-section-height-default\" data-id=\"618fb06\" data-element_type=\"section\" data-e-type=\"section\" data-settings=\"{&quot;background_background&quot;:&quot;classic&quot;,&quot;shape_divider_bottom&quot;:&quot;mountains&quot;,&quot;shape_divider_top&quot;:&quot;mountains&quot;}\">\n\t\t\t\t\t<div class=\"elementor-shape elementor-shape-top\" aria-hidden=\"true\" data-negative=\"false\">\n\t\t\t<svg xmlns=\"http:\/\/www.w3.org\/2000\/svg\" viewbox=\"0 0 1000 100\" preserveaspectratio=\"none\">\n\t<path class=\"elementor-shape-fill\" opacity=\"0.33\" d=\"M473,67.3c-203.9,88.3-263.1-34-320.3,0C66,119.1,0,59.7,0,59.7V0h1000v59.7 c0,0-62.1,26.1-94.9,29.3c-32.8,3.3-62.8-12.3-75.8-22.1C806,49.6,745.3,8.7,694.9,4.7S492.4,59,473,67.3z\"\/>\n\t<path class=\"elementor-shape-fill\" opacity=\"0.66\" d=\"M734,67.3c-45.5,0-77.2-23.2-129.1-39.1c-28.6-8.7-150.3-10.1-254,39.1 s-91.7-34.4-149.2,0C115.7,118.3,0,39.8,0,39.8V0h1000v36.5c0,0-28.2-18.5-92.1-18.5C810.2,18.1,775.7,67.3,734,67.3z\"\/>\n\t<path class=\"elementor-shape-fill\" d=\"M766.1,28.9c-200-57.5-266,65.5-395.1,19.5C242,1.8,242,5.4,184.8,20.6C128,35.8,132.3,44.9,89.9,52.5C28.6,63.7,0,0,0,0 h1000c0,0-9.9,40.9-83.6,48.1S829.6,47,766.1,28.9z\"\/>\n<\/svg>\t\t<\/div>\n\t\t\t\t<div class=\"elementor-shape elementor-shape-bottom\" aria-hidden=\"true\" data-negative=\"false\">\n\t\t\t<svg xmlns=\"http:\/\/www.w3.org\/2000\/svg\" viewbox=\"0 0 1000 100\" preserveaspectratio=\"none\">\n\t<path class=\"elementor-shape-fill\" opacity=\"0.33\" d=\"M473,67.3c-203.9,88.3-263.1-34-320.3,0C66,119.1,0,59.7,0,59.7V0h1000v59.7 c0,0-62.1,26.1-94.9,29.3c-32.8,3.3-62.8-12.3-75.8-22.1C806,49.6,745.3,8.7,694.9,4.7S492.4,59,473,67.3z\"\/>\n\t<path class=\"elementor-shape-fill\" opacity=\"0.66\" d=\"M734,67.3c-45.5,0-77.2-23.2-129.1-39.1c-28.6-8.7-150.3-10.1-254,39.1 s-91.7-34.4-149.2,0C115.7,118.3,0,39.8,0,39.8V0h1000v36.5c0,0-28.2-18.5-92.1-18.5C810.2,18.1,775.7,67.3,734,67.3z\"\/>\n\t<path class=\"elementor-shape-fill\" d=\"M766.1,28.9c-200-57.5-266,65.5-395.1,19.5C242,1.8,242,5.4,184.8,20.6C128,35.8,132.3,44.9,89.9,52.5C28.6,63.7,0,0,0,0 h1000c0,0-9.9,40.9-83.6,48.1S829.6,47,766.1,28.9z\"\/>\n<\/svg>\t\t<\/div>\n\t\t\t\t\t<div class=\"elementor-container elementor-column-gap-default\">\n\t\t\t\t\t<div class=\"elementor-column elementor-col-100 elementor-top-column elementor-element elementor-element-859ffce\" data-id=\"859ffce\" data-element_type=\"column\" data-e-type=\"column\">\n\t\t\t<div class=\"elementor-widget-wrap elementor-element-populated\">\n\t\t\t\t\t\t<div class=\"elementor-element elementor-element-d2dc106 elementor-widget elementor-widget-text-editor\" data-id=\"d2dc106\" data-element_type=\"widget\" data-e-type=\"widget\" data-widget_type=\"text-editor.default\">\n\t\t\t\t<div class=\"elementor-widget-container\">\n\t\t\t\t\t\t\t\t\t<h2>Coaching is an ongoing process that helps you realize your higher potential.<\/h2>\t\t\t\t\t\t\t\t<\/div>\n\t\t\t\t<\/div>\n\t\t\t\t\t<\/div>\n\t\t<\/div>\n\t\t\t\t\t<\/div>\n\t\t<\/section>\n\t\t\t\t<section class=\"elementor-section elementor-top-section elementor-element elementor-element-b89bd9b elementor-section-boxed elementor-section-height-default elementor-section-height-default\" data-id=\"b89bd9b\" data-element_type=\"section\" data-e-type=\"section\">\n\t\t\t\t\t\t<div class=\"elementor-container elementor-column-gap-default\">\n\t\t\t\t\t<div class=\"elementor-column elementor-col-50 elementor-top-column elementor-element elementor-element-1005033\" data-id=\"1005033\" data-element_type=\"column\" data-e-type=\"column\">\n\t\t\t<div class=\"elementor-widget-wrap elementor-element-populated\">\n\t\t\t\t\t\t<div class=\"elementor-element elementor-element-eaadbfb elementor-widget elementor-widget-heading\" data-id=\"eaadbfb\" data-element_type=\"widget\" data-e-type=\"widget\" data-widget_type=\"heading.default\">\n\t\t\t\t<div class=\"elementor-widget-container\">\n\t\t\t\t\t<h3 class=\"elementor-heading-title elementor-size-default\">In professional as well as private contexts we accompany you in the following focus areas:<\/h3>\t\t\t\t<\/div>\n\t\t\t\t<\/div>\n\t\t\t\t<div class=\"elementor-element elementor-element-a676710 elementor-icon-list--layout-traditional elementor-list-item-link-full_width elementor-widget elementor-widget-icon-list\" data-id=\"a676710\" data-element_type=\"widget\" data-e-type=\"widget\" data-widget_type=\"icon-list.default\">\n\t\t\t\t<div class=\"elementor-widget-container\">\n\t\t\t\t\t\t\t<ul class=\"elementor-icon-list-items\">\n\t\t\t\t\t\t\t<li class=\"elementor-icon-list-item\">\n\t\t\t\t\t\t\t\t\t\t\t<span class=\"elementor-icon-list-icon\">\n\t\t\t\t\t\t\t<i aria-hidden=\"true\" class=\"fas fa-check\"><\/i>\t\t\t\t\t\t<\/span>\n\t\t\t\t\t\t\t\t\t\t<span class=\"elementor-icon-list-text\">Executive Coaching<\/span>\n\t\t\t\t\t\t\t\t\t<\/li>\n\t\t\t\t\t\t\t\t<li class=\"elementor-icon-list-item\">\n\t\t\t\t\t\t\t\t\t\t\t<span class=\"elementor-icon-list-icon\">\n\t\t\t\t\t\t\t<i aria-hidden=\"true\" class=\"fas fa-check\"><\/i>\t\t\t\t\t\t<\/span>\n\t\t\t\t\t\t\t\t\t\t<span class=\"elementor-icon-list-text\">Developmental Coaching<\/span>\n\t\t\t\t\t\t\t\t\t<\/li>\n\t\t\t\t\t\t\t\t<li class=\"elementor-icon-list-item\">\n\t\t\t\t\t\t\t\t\t\t\t<span class=\"elementor-icon-list-icon\">\n\t\t\t\t\t\t\t<i aria-hidden=\"true\" class=\"fas fa-check\"><\/i>\t\t\t\t\t\t<\/span>\n\t\t\t\t\t\t\t\t\t\t<span class=\"elementor-icon-list-text\">Coaching in Human Interaction<\/span>\n\t\t\t\t\t\t\t\t\t<\/li>\n\t\t\t\t\t\t\t\t<li class=\"elementor-icon-list-item\">\n\t\t\t\t\t\t\t\t\t\t\t<span class=\"elementor-icon-list-icon\">\n\t\t\t\t\t\t\t<i aria-hidden=\"true\" class=\"fas fa-check\"><\/i>\t\t\t\t\t\t<\/span>\n\t\t\t\t\t\t\t\t\t\t<span class=\"elementor-icon-list-text\">Unfolding your Potential<\/span>\n\t\t\t\t\t\t\t\t\t<\/li>\n\t\t\t\t\t\t\t\t<li class=\"elementor-icon-list-item\">\n\t\t\t\t\t\t\t\t\t\t\t<span class=\"elementor-icon-list-icon\">\n\t\t\t\t\t\t\t<i aria-hidden=\"true\" class=\"fas fa-check\"><\/i>\t\t\t\t\t\t<\/span>\n\t\t\t\t\t\t\t\t\t\t<span class=\"elementor-icon-list-text\">Job Interview Coaching<\/span>\n\t\t\t\t\t\t\t\t\t<\/li>\n\t\t\t\t\t\t\t\t<li class=\"elementor-icon-list-item\">\n\t\t\t\t\t\t\t\t\t\t\t<span class=\"elementor-icon-list-icon\">\n\t\t\t\t\t\t\t<i aria-hidden=\"true\" class=\"fas fa-check\"><\/i>\t\t\t\t\t\t<\/span>\n\t\t\t\t\t\t\t\t\t\t<span class=\"elementor-icon-list-text\">Personality development<\/span>\n\t\t\t\t\t\t\t\t\t<\/li>\n\t\t\t\t\t\t\t\t<li class=\"elementor-icon-list-item\">\n\t\t\t\t\t\t\t\t\t\t\t<span class=\"elementor-icon-list-icon\">\n\t\t\t\t\t\t\t<i aria-hidden=\"true\" class=\"fas fa-check\"><\/i>\t\t\t\t\t\t<\/span>\n\t\t\t\t\t\t\t\t\t\t<span class=\"elementor-icon-list-text\">Individual concerns<\/span>\n\t\t\t\t\t\t\t\t\t<\/li>\n\t\t\t\t\t\t<\/ul>\n\t\t\t\t\t\t<\/div>\n\t\t\t\t<\/div>\n\t\t\t\t\t<\/div>\n\t\t<\/div>\n\t\t\t\t<div class=\"elementor-column elementor-col-50 elementor-top-column elementor-element elementor-element-c80aed7\" data-id=\"c80aed7\" data-element_type=\"column\" data-e-type=\"column\" data-settings=\"{&quot;background_background&quot;:&quot;classic&quot;}\">\n\t\t\t<div class=\"elementor-widget-wrap elementor-element-populated\">\n\t\t\t\t\t\t<div class=\"elementor-element elementor-element-427d7a6 elementor-widget elementor-widget-spacer\" data-id=\"427d7a6\" data-element_type=\"widget\" data-e-type=\"widget\" data-widget_type=\"spacer.default\">\n\t\t\t\t<div class=\"elementor-widget-container\">\n\t\t\t\t\t\t\t<div class=\"elementor-spacer\">\n\t\t\t<div class=\"elementor-spacer-inner\"><\/div>\n\t\t<\/div>\n\t\t\t\t\t\t<\/div>\n\t\t\t\t<\/div>\n\t\t\t\t\t<\/div>\n\t\t<\/div>\n\t\t\t\t\t<\/div>\n\t\t<\/section>\n\t\t\t\t<section class=\"elementor-section elementor-top-section elementor-element elementor-element-2864ba2 elementor-section-height-min-height elementor-section-boxed elementor-section-height-default elementor-section-items-middle\" data-id=\"2864ba2\" data-element_type=\"section\" data-e-type=\"section\" data-settings=\"{&quot;background_background&quot;:&quot;classic&quot;}\">\n\t\t\t\t\t\t<div class=\"elementor-container elementor-column-gap-default\">\n\t\t\t\t\t<div class=\"elementor-column elementor-col-100 elementor-top-column elementor-element elementor-element-82cd015\" data-id=\"82cd015\" data-element_type=\"column\" data-e-type=\"column\">\n\t\t\t<div class=\"elementor-widget-wrap elementor-element-populated\">\n\t\t\t\t\t\t<div class=\"elementor-element elementor-element-eef9c68 elementor-widget elementor-widget-heading\" data-id=\"eef9c68\" data-element_type=\"widget\" data-e-type=\"widget\" data-widget_type=\"heading.default\">\n\t\t\t\t<div class=\"elementor-widget-container\">\n\t\t\t\t\t<h2 class=\"elementor-heading-title elementor-size-default\">Schedule an informal initial meeting with us<\/h2>\t\t\t\t<\/div>\n\t\t\t\t<\/div>\n\t\t\t\t<div class=\"elementor-element elementor-element-de58a79 elementor-align-center elementor-widget elementor-widget-button\" data-id=\"de58a79\" data-element_type=\"widget\" data-e-type=\"widget\" data-widget_type=\"button.default\">\n\t\t\t\t<div class=\"elementor-widget-container\">\n\t\t\t\t\t\t\t\t\t<div class=\"elementor-button-wrapper\">\n\t\t\t\t\t<a class=\"elementor-button elementor-button-link elementor-size-md elementor-animation-float\" href=\"https:\/\/caspers-caspers.com\/en\/contact\/\" target=\"_blank\">\n\t\t\t\t\t\t<span class=\"elementor-button-content-wrapper\">\n\t\t\t\t\t\t\t\t\t<span class=\"elementor-button-text\">Contact us<\/span>\n\t\t\t\t\t<\/span>\n\t\t\t\t\t<\/a>\n\t\t\t\t<\/div>\n\t\t\t\t\t\t\t\t<\/div>\n\t\t\t\t<\/div>\n\t\t\t\t\t<\/div>\n\t\t<\/div>\n\t\t\t\t\t<\/div>\n\t\t<\/section>\n\t\t\t\t<\/div>","protected":false},"excerpt":{"rendered":"<p>Entdecken und entwickeln Sie Ihr h\u00f6heres Potenzial ! Coaching ist ein m\u00e4chtiges Werkzeug f\u00fcr pers\u00f6nliches Wachstum und Erfolg. Als erfahrene Coaches helfen wir Ihnen, Blockaden zu erkennen und zu \u00fcberwinden, indem Sie tief verwurzelte Konditionierungen aufdecken und aufl\u00f6sen. Dadurch erlangen Sie eine innere Klarheit und k\u00f6nnen somit an konkreten pers\u00f6nlichen und rollenspezifischen Themen arbeiten. Wir [&hellip;]<\/p>\n","protected":false},"author":1,"featured_media":923,"parent":117,"menu_order":0,"comment_status":"closed","ping_status":"closed","template":"","meta":{"footnotes":""},"class_list":["post-121","page","type-page","status-publish","has-post-thumbnail","hentry"],"yoast_head":"<!-- This site is optimized with the Yoast SEO plugin v27.3 - https:\/\/yoast.com\/product\/yoast-seo-wordpress\/ -->\n<title>Coaching - Caspers &amp; Caspers<\/title>\n<meta name=\"robots\" content=\"index, follow, max-snippet:-1, max-image-preview:large, max-video-preview:-1\" \/>\n<link rel=\"canonical\" href=\"https:\/\/caspers-caspers.com\/en\/process-support-business\/coaching\/\" \/>\n<meta property=\"og:locale\" content=\"en_US\" \/>\n<meta property=\"og:type\" content=\"article\" \/>\n<meta property=\"og:title\" content=\"Coaching - Caspers &amp; Caspers\" \/>\n<meta property=\"og:description\" content=\"Entdecken und entwickeln Sie Ihr h\u00f6heres Potenzial ! Coaching ist ein m\u00e4chtiges Werkzeug f\u00fcr pers\u00f6nliches Wachstum und Erfolg. Als erfahrene Coaches helfen wir Ihnen, Blockaden zu erkennen und zu \u00fcberwinden, indem Sie tief verwurzelte Konditionierungen aufdecken und aufl\u00f6sen. Dadurch erlangen Sie eine innere Klarheit und k\u00f6nnen somit an konkreten pers\u00f6nlichen und rollenspezifischen Themen arbeiten. Wir [&hellip;]\" \/>\n<meta property=\"og:url\" content=\"https:\/\/caspers-caspers.com\/en\/process-support-business\/coaching\/\" \/>\n<meta property=\"og:site_name\" content=\"Caspers &amp; Caspers\" \/>\n<meta property=\"article:modified_time\" content=\"2023-11-14T11:08:57+00:00\" \/>\n<meta property=\"og:image\" content=\"https:\/\/caspers-caspers.com\/wp-content\/uploads\/caspers_and_caspers_coaching_slider_001-scaled.jpg\" \/>\n\t<meta property=\"og:image:width\" content=\"2560\" \/>\n\t<meta property=\"og:image:height\" content=\"1057\" \/>\n\t<meta property=\"og:image:type\" content=\"image\/jpeg\" \/>\n<meta name=\"twitter:card\" content=\"summary_large_image\" \/>\n<meta name=\"twitter:label1\" content=\"Est. reading time\" \/>\n\t<meta name=\"twitter:data1\" content=\"1 minute\" \/>\n<script type=\"application\/ld+json\" class=\"yoast-schema-graph\">{\"@context\":\"https:\\\/\\\/schema.org\",\"@graph\":[{\"@type\":\"WebPage\",\"@id\":\"https:\\\/\\\/caspers-caspers.com\\\/prozessbegleitung-business\\\/coaching\\\/\",\"url\":\"https:\\\/\\\/caspers-caspers.com\\\/prozessbegleitung-business\\\/coaching\\\/\",\"name\":\"Coaching - Caspers &amp; Caspers\",\"isPartOf\":{\"@id\":\"https:\\\/\\\/caspers-caspers.com\\\/#website\"},\"primaryImageOfPage\":{\"@id\":\"https:\\\/\\\/caspers-caspers.com\\\/prozessbegleitung-business\\\/coaching\\\/#primaryimage\"},\"image\":{\"@id\":\"https:\\\/\\\/caspers-caspers.com\\\/prozessbegleitung-business\\\/coaching\\\/#primaryimage\"},\"thumbnailUrl\":\"https:\\\/\\\/caspers-caspers.com\\\/wp-content\\\/uploads\\\/caspers_and_caspers_coaching_slider_001-scaled.jpg\",\"datePublished\":\"2023-06-09T08:16:27+00:00\",\"dateModified\":\"2023-11-14T11:08:57+00:00\",\"breadcrumb\":{\"@id\":\"https:\\\/\\\/caspers-caspers.com\\\/prozessbegleitung-business\\\/coaching\\\/#breadcrumb\"},\"inLanguage\":\"en-US\",\"potentialAction\":[{\"@type\":\"ReadAction\",\"target\":[\"https:\\\/\\\/caspers-caspers.com\\\/prozessbegleitung-business\\\/coaching\\\/\"]}]},{\"@type\":\"ImageObject\",\"inLanguage\":\"en-US\",\"@id\":\"https:\\\/\\\/caspers-caspers.com\\\/prozessbegleitung-business\\\/coaching\\\/#primaryimage\",\"url\":\"https:\\\/\\\/caspers-caspers.com\\\/wp-content\\\/uploads\\\/caspers_and_caspers_coaching_slider_001-scaled.jpg\",\"contentUrl\":\"https:\\\/\\\/caspers-caspers.com\\\/wp-content\\\/uploads\\\/caspers_and_caspers_coaching_slider_001-scaled.jpg\",\"width\":2560,\"height\":1057,\"caption\":\"Success \\\/ Erfolg und Orientierung im Business mit Kompass als Konzept\"},{\"@type\":\"BreadcrumbList\",\"@id\":\"https:\\\/\\\/caspers-caspers.com\\\/prozessbegleitung-business\\\/coaching\\\/#breadcrumb\",\"itemListElement\":[{\"@type\":\"ListItem\",\"position\":1,\"name\":\"Startseite\",\"item\":\"https:\\\/\\\/caspers-caspers.com\\\/de\\\/\"},{\"@type\":\"ListItem\",\"position\":2,\"name\":\"Prozess&shy;begleit&shy;ung Business\",\"item\":\"https:\\\/\\\/caspers-caspers.com\\\/prozessbegleitung-business\\\/\"},{\"@type\":\"ListItem\",\"position\":3,\"name\":\"Coaching\"}]},{\"@type\":\"WebSite\",\"@id\":\"https:\\\/\\\/caspers-caspers.com\\\/#website\",\"url\":\"https:\\\/\\\/caspers-caspers.com\\\/\",\"name\":\"Caspers &amp; Caspers\",\"description\":\"Die Kunst der gelungenen Interaktion\",\"publisher\":{\"@id\":\"https:\\\/\\\/caspers-caspers.com\\\/#organization\"},\"potentialAction\":[{\"@type\":\"SearchAction\",\"target\":{\"@type\":\"EntryPoint\",\"urlTemplate\":\"https:\\\/\\\/caspers-caspers.com\\\/?s={search_term_string}\"},\"query-input\":{\"@type\":\"PropertyValueSpecification\",\"valueRequired\":true,\"valueName\":\"search_term_string\"}}],\"inLanguage\":\"en-US\"},{\"@type\":\"Organization\",\"@id\":\"https:\\\/\\\/caspers-caspers.com\\\/#organization\",\"name\":\"Caspers &amp; Caspers\",\"url\":\"https:\\\/\\\/caspers-caspers.com\\\/\",\"logo\":{\"@type\":\"ImageObject\",\"inLanguage\":\"en-US\",\"@id\":\"https:\\\/\\\/caspers-caspers.com\\\/#\\\/schema\\\/logo\\\/image\\\/\",\"url\":\"https:\\\/\\\/caspers-caspers.com\\\/wp-content\\\/uploads\\\/cropped-CundC_Logo_Final_2023_001.png\",\"contentUrl\":\"https:\\\/\\\/caspers-caspers.com\\\/wp-content\\\/uploads\\\/cropped-CundC_Logo_Final_2023_001.png\",\"width\":500,\"height\":143,\"caption\":\"Caspers &amp; Caspers\"},\"image\":{\"@id\":\"https:\\\/\\\/caspers-caspers.com\\\/#\\\/schema\\\/logo\\\/image\\\/\"}}]}<\/script>\n<!-- \/ Yoast SEO plugin. -->","yoast_head_json":{"title":"Coaching - Caspers &amp; Caspers","robots":{"index":"index","follow":"follow","max-snippet":"max-snippet:-1","max-image-preview":"max-image-preview:large","max-video-preview":"max-video-preview:-1"},"canonical":"https:\/\/caspers-caspers.com\/en\/process-support-business\/coaching\/","og_locale":"en_US","og_type":"article","og_title":"Coaching - Caspers &amp; Caspers","og_description":"Entdecken und entwickeln Sie Ihr h\u00f6heres Potenzial ! Coaching ist ein m\u00e4chtiges Werkzeug f\u00fcr pers\u00f6nliches Wachstum und Erfolg. Als erfahrene Coaches helfen wir Ihnen, Blockaden zu erkennen und zu \u00fcberwinden, indem Sie tief verwurzelte Konditionierungen aufdecken und aufl\u00f6sen. Dadurch erlangen Sie eine innere Klarheit und k\u00f6nnen somit an konkreten pers\u00f6nlichen und rollenspezifischen Themen arbeiten. Wir [&hellip;]","og_url":"https:\/\/caspers-caspers.com\/en\/process-support-business\/coaching\/","og_site_name":"Caspers &amp; Caspers","article_modified_time":"2023-11-14T11:08:57+00:00","og_image":[{"width":2560,"height":1057,"url":"https:\/\/caspers-caspers.com\/wp-content\/uploads\/caspers_and_caspers_coaching_slider_001-scaled.jpg","type":"image\/jpeg"}],"twitter_card":"summary_large_image","twitter_misc":{"Est. reading time":"1 minute"},"schema":{"@context":"https:\/\/schema.org","@graph":[{"@type":"WebPage","@id":"https:\/\/caspers-caspers.com\/prozessbegleitung-business\/coaching\/","url":"https:\/\/caspers-caspers.com\/prozessbegleitung-business\/coaching\/","name":"Coaching - Caspers &amp; Caspers","isPartOf":{"@id":"https:\/\/caspers-caspers.com\/#website"},"primaryImageOfPage":{"@id":"https:\/\/caspers-caspers.com\/prozessbegleitung-business\/coaching\/#primaryimage"},"image":{"@id":"https:\/\/caspers-caspers.com\/prozessbegleitung-business\/coaching\/#primaryimage"},"thumbnailUrl":"https:\/\/caspers-caspers.com\/wp-content\/uploads\/caspers_and_caspers_coaching_slider_001-scaled.jpg","datePublished":"2023-06-09T08:16:27+00:00","dateModified":"2023-11-14T11:08:57+00:00","breadcrumb":{"@id":"https:\/\/caspers-caspers.com\/prozessbegleitung-business\/coaching\/#breadcrumb"},"inLanguage":"en-US","potentialAction":[{"@type":"ReadAction","target":["https:\/\/caspers-caspers.com\/prozessbegleitung-business\/coaching\/"]}]},{"@type":"ImageObject","inLanguage":"en-US","@id":"https:\/\/caspers-caspers.com\/prozessbegleitung-business\/coaching\/#primaryimage","url":"https:\/\/caspers-caspers.com\/wp-content\/uploads\/caspers_and_caspers_coaching_slider_001-scaled.jpg","contentUrl":"https:\/\/caspers-caspers.com\/wp-content\/uploads\/caspers_and_caspers_coaching_slider_001-scaled.jpg","width":2560,"height":1057,"caption":"Success \/ Erfolg und Orientierung im Business mit Kompass als Konzept"},{"@type":"BreadcrumbList","@id":"https:\/\/caspers-caspers.com\/prozessbegleitung-business\/coaching\/#breadcrumb","itemListElement":[{"@type":"ListItem","position":1,"name":"Startseite","item":"https:\/\/caspers-caspers.com\/de\/"},{"@type":"ListItem","position":2,"name":"Prozess&shy;begleit&shy;ung Business","item":"https:\/\/caspers-caspers.com\/prozessbegleitung-business\/"},{"@type":"ListItem","position":3,"name":"Coaching"}]},{"@type":"WebSite","@id":"https:\/\/caspers-caspers.com\/#website","url":"https:\/\/caspers-caspers.com\/","name":"Caspers &amp; Caspers","description":"The art of successful interaction","publisher":{"@id":"https:\/\/caspers-caspers.com\/#organization"},"potentialAction":[{"@type":"SearchAction","target":{"@type":"EntryPoint","urlTemplate":"https:\/\/caspers-caspers.com\/?s={search_term_string}"},"query-input":{"@type":"PropertyValueSpecification","valueRequired":true,"valueName":"search_term_string"}}],"inLanguage":"en-US"},{"@type":"Organization","@id":"https:\/\/caspers-caspers.com\/#organization","name":"Caspers &amp; Caspers","url":"https:\/\/caspers-caspers.com\/","logo":{"@type":"ImageObject","inLanguage":"en-US","@id":"https:\/\/caspers-caspers.com\/#\/schema\/logo\/image\/","url":"https:\/\/caspers-caspers.com\/wp-content\/uploads\/cropped-CundC_Logo_Final_2023_001.png","contentUrl":"https:\/\/caspers-caspers.com\/wp-content\/uploads\/cropped-CundC_Logo_Final_2023_001.png","width":500,"height":143,"caption":"Caspers &amp; Caspers"},"image":{"@id":"https:\/\/caspers-caspers.com\/#\/schema\/logo\/image\/"}}]}},"_links":{"self":[{"href":"https:\/\/caspers-caspers.com\/en\/wp-json\/wp\/v2\/pages\/121","targetHints":{"allow":["GET"]}}],"collection":[{"href":"https:\/\/caspers-caspers.com\/en\/wp-json\/wp\/v2\/pages"}],"about":[{"href":"https:\/\/caspers-caspers.com\/en\/wp-json\/wp\/v2\/types\/page"}],"author":[{"embeddable":true,"href":"https:\/\/caspers-caspers.com\/en\/wp-json\/wp\/v2\/users\/1"}],"replies":[{"embeddable":true,"href":"https:\/\/caspers-caspers.com\/en\/wp-json\/wp\/v2\/comments?post=121"}],"version-history":[{"count":54,"href":"https:\/\/caspers-caspers.com\/en\/wp-json\/wp\/v2\/pages\/121\/revisions"}],"predecessor-version":[{"id":1814,"href":"https:\/\/caspers-caspers.com\/en\/wp-json\/wp\/v2\/pages\/121\/revisions\/1814"}],"up":[{"embeddable":true,"href":"https:\/\/caspers-caspers.com\/en\/wp-json\/wp\/v2\/pages\/117"}],"wp:featuredmedia":[{"embeddable":true,"href":"https:\/\/caspers-caspers.com\/en\/wp-json\/wp\/v2\/media\/923"}],"wp:attachment":[{"href":"https:\/\/caspers-caspers.com\/en\/wp-json\/wp\/v2\/media?parent=121"}],"curies":[{"name":"wp","href":"https:\/\/api.w.org\/{rel}","templated":true}]}}