{"id":117,"date":"2023-06-09T10:16:26","date_gmt":"2023-06-09T08:16:26","guid":{"rendered":"https:\/\/caspers-caspers.com\/dienstleistungen\/"},"modified":"2023-11-14T15:26:28","modified_gmt":"2023-11-14T14:26:28","slug":"process-support-business","status":"publish","type":"page","link":"https:\/\/caspers-caspers.com\/en\/prozessbegleitung-business\/","title":{"rendered":"Process support Business"},"content":{"rendered":"<div data-elementor-type=\"wp-page\" data-elementor-id=\"117\" class=\"elementor elementor-117\" data-elementor-post-type=\"page\">\n\t\t\t\t\t\t<section class=\"elementor-section elementor-top-section elementor-element elementor-element-587c205 elementor-section-boxed elementor-section-height-default elementor-section-height-default\" data-id=\"587c205\" data-element_type=\"section\" data-e-type=\"section\">\n\t\t\t\t\t\t<div class=\"elementor-container elementor-column-gap-default\">\n\t\t\t\t\t<div class=\"elementor-column elementor-col-100 elementor-top-column elementor-element elementor-element-4fa2dd0\" data-id=\"4fa2dd0\" data-element_type=\"column\" data-e-type=\"column\">\n\t\t\t<div class=\"elementor-widget-wrap elementor-element-populated\">\n\t\t\t\t\t\t<div class=\"elementor-element elementor-element-a6d53ba elementor-widget elementor-widget-heading\" data-id=\"a6d53ba\" data-element_type=\"widget\" data-e-type=\"widget\" data-widget_type=\"heading.default\">\n\t\t\t\t<div class=\"elementor-widget-container\">\n\t\t\t\t\t<h2 class=\"elementor-heading-title elementor-size-default\">Process support in leadership and learning is tailored to individual needs. <\/h2>\t\t\t\t<\/div>\n\t\t\t\t<\/div>\n\t\t\t\t<div class=\"elementor-element elementor-element-8c3a82d elementor-widget elementor-widget-text-editor\" data-id=\"8c3a82d\" data-element_type=\"widget\" data-e-type=\"widget\" data-widget_type=\"text-editor.default\">\n\t\t\t\t<div class=\"elementor-widget-container\">\n\t\t\t\t\t\t\t\t\t<p>It promotes self-reflection, helps achieve goals, creates positive group dynamics, and flexibly adapts to changing requirements. Its purpose is to facilitate effective learning and personal growth.&nbsp;<br><\/p>\t\t\t\t\t\t\t\t<\/div>\n\t\t\t\t<\/div>\n\t\t\t\t\t<\/div>\n\t\t<\/div>\n\t\t\t\t\t<\/div>\n\t\t<\/section>\n\t\t\t\t<section class=\"elementor-section elementor-top-section elementor-element elementor-element-c9d0cfe elementor-section-boxed elementor-section-height-default elementor-section-height-default\" data-id=\"c9d0cfe\" data-element_type=\"section\" data-e-type=\"section\">\n\t\t\t\t\t\t<div class=\"elementor-container elementor-column-gap-default\">\n\t\t\t\t\t<div class=\"elementor-column elementor-col-100 elementor-top-column elementor-element elementor-element-7dc34bb\" data-id=\"7dc34bb\" data-element_type=\"column\" data-e-type=\"column\">\n\t\t\t<div class=\"elementor-widget-wrap elementor-element-populated\">\n\t\t\t\t\t\t<div class=\"elementor-element elementor-element-812f730 elementor-widget elementor-widget-heading\" data-id=\"812f730\" data-element_type=\"widget\" data-e-type=\"widget\" data-widget_type=\"heading.default\">\n\t\t\t\t<div class=\"elementor-widget-container\">\n\t\t\t\t\t<h3 class=\"elementor-heading-title elementor-size-default\">We offer customized process support in the areas of coaching, training and workshops:<\/h3>\t\t\t\t<\/div>\n\t\t\t\t<\/div>\n\t\t\t\t<section class=\"elementor-section elementor-inner-section elementor-element elementor-element-000571a elementor-section-height-min-height elementor-section-boxed elementor-section-height-default\" data-id=\"000571a\" data-element_type=\"section\" data-e-type=\"section\">\n\t\t\t\t\t\t<div class=\"elementor-container elementor-column-gap-default\">\n\t\t\t\t\t<div class=\"elementor-column elementor-col-33 elementor-inner-column elementor-element elementor-element-5e94f1e\" data-id=\"5e94f1e\" data-element_type=\"column\" data-e-type=\"column\">\n\t\t\t<div class=\"elementor-widget-wrap elementor-element-populated\">\n\t\t\t\t\t\t<div class=\"elementor-element elementor-element-bd2473c elementor-cta--skin-classic elementor-animated-content elementor-widget elementor-widget-call-to-action\" data-id=\"bd2473c\" data-element_type=\"widget\" data-e-type=\"widget\" data-widget_type=\"call-to-action.default\">\n\t\t\t\t<div class=\"elementor-widget-container\">\n\t\t\t\t\t\t\t<div class=\"elementor-cta\">\n\t\t\t\t\t<div class=\"elementor-cta__bg-wrapper\">\n\t\t\t\t<div class=\"elementor-cta__bg elementor-bg\" style=\"background-image: url(https:\/\/caspers-caspers.com\/wp-content\/uploads\/caspers-caspers-startseite_coaching.jpg);\" role=\"img\" aria-label=\"caspers-caspers-startpage_coaching\"><\/div>\n\t\t\t\t<div class=\"elementor-cta__bg-overlay\"><\/div>\n\t\t\t<\/div>\n\t\t\t\t\t\t\t<div class=\"elementor-cta__content\">\n\t\t\t\t\n\t\t\t\t\t\t\t\t\t<h3 class=\"elementor-cta__title elementor-cta__content-item elementor-content-item\">\n\t\t\t\t\t\tCoaching\t\t\t\t\t<\/h3>\n\t\t\t\t\n\t\t\t\t\t\t\t\t\t<div class=\"elementor-cta__description elementor-cta__content-item elementor-content-item\">\n\t\t\t\t\t\tDiscover and develop your higher potential\t\t\t\t\t<\/div>\n\t\t\t\t\n\t\t\t\t\t\t\t\t\t<div class=\"elementor-cta__button-wrapper elementor-cta__content-item elementor-content-item\">\n\t\t\t\t\t<a class=\"elementor-cta__button elementor-button elementor-size-md\" href=\"https:\/\/caspers-caspers.com\/en\/process-support-business\/coaching\/\">\n\t\t\t\t\t\tLearn more \t\t\t\t\t<\/a>\n\t\t\t\t\t<\/div>\n\t\t\t\t\t\t\t<\/div>\n\t\t\t\t\t\t<\/div>\n\t\t\t\t\t\t<\/div>\n\t\t\t\t<\/div>\n\t\t\t\t\t<\/div>\n\t\t<\/div>\n\t\t\t\t<div class=\"elementor-column elementor-col-33 elementor-inner-column elementor-element elementor-element-cf30245\" data-id=\"cf30245\" data-element_type=\"column\" data-e-type=\"column\">\n\t\t\t<div class=\"elementor-widget-wrap elementor-element-populated\">\n\t\t\t\t\t\t<div class=\"elementor-element elementor-element-3cb6489 elementor-cta--skin-classic elementor-animated-content elementor-widget elementor-widget-call-to-action\" data-id=\"3cb6489\" data-element_type=\"widget\" data-e-type=\"widget\" data-widget_type=\"call-to-action.default\">\n\t\t\t\t<div class=\"elementor-widget-container\">\n\t\t\t\t\t\t\t<div class=\"elementor-cta\">\n\t\t\t\t\t<div class=\"elementor-cta__bg-wrapper\">\n\t\t\t\t<div class=\"elementor-cta__bg elementor-bg\" style=\"background-image: url(https:\/\/caspers-caspers.com\/wp-content\/uploads\/casper-casper_startseite-training.jpg);\" role=\"img\" aria-label=\"casper-casper_starting_training\"><\/div>\n\t\t\t\t<div class=\"elementor-cta__bg-overlay\"><\/div>\n\t\t\t<\/div>\n\t\t\t\t\t\t\t<div class=\"elementor-cta__content\">\n\t\t\t\t\n\t\t\t\t\t\t\t\t\t<h3 class=\"elementor-cta__title elementor-cta__content-item elementor-content-item\">\n\t\t\t\t\t\tTraining\t\t\t\t\t<\/h3>\n\t\t\t\t\n\t\t\t\t\t\t\t\t\t<div class=\"elementor-cta__description elementor-cta__content-item elementor-content-item\">\n\t\t\t\t\t\tExpand and refine core skills and competencies to amplify your global impact\t\t\t\t\t<\/div>\n\t\t\t\t\n\t\t\t\t\t\t\t\t\t<div class=\"elementor-cta__button-wrapper elementor-cta__content-item elementor-content-item\">\n\t\t\t\t\t<a class=\"elementor-cta__button elementor-button elementor-size-md\" href=\"https:\/\/caspers-caspers.com\/en\/process-support-business\/training\/\">\n\t\t\t\t\t\tLearn more \t\t\t\t\t<\/a>\n\t\t\t\t\t<\/div>\n\t\t\t\t\t\t\t<\/div>\n\t\t\t\t\t\t<\/div>\n\t\t\t\t\t\t<\/div>\n\t\t\t\t<\/div>\n\t\t\t\t\t<\/div>\n\t\t<\/div>\n\t\t\t\t<div class=\"elementor-column elementor-col-33 elementor-inner-column elementor-element elementor-element-2adf2fb\" data-id=\"2adf2fb\" data-element_type=\"column\" data-e-type=\"column\">\n\t\t\t<div class=\"elementor-widget-wrap elementor-element-populated\">\n\t\t\t\t\t\t<div class=\"elementor-element elementor-element-9b44111 elementor-cta--skin-classic elementor-animated-content elementor-widget elementor-widget-call-to-action\" data-id=\"9b44111\" data-element_type=\"widget\" data-e-type=\"widget\" data-widget_type=\"call-to-action.default\">\n\t\t\t\t<div class=\"elementor-widget-container\">\n\t\t\t\t\t\t\t<div class=\"elementor-cta\">\n\t\t\t\t\t<div class=\"elementor-cta__bg-wrapper\">\n\t\t\t\t<div class=\"elementor-cta__bg elementor-bg\" style=\"background-image: url(https:\/\/caspers-caspers.com\/wp-content\/uploads\/caspers-casper-workshops.jpg);\" role=\"img\" aria-label=\"caspers-casper-workshops\"><\/div>\n\t\t\t\t<div class=\"elementor-cta__bg-overlay\"><\/div>\n\t\t\t<\/div>\n\t\t\t\t\t\t\t<div class=\"elementor-cta__content\">\n\t\t\t\t\n\t\t\t\t\t\t\t\t\t<h3 class=\"elementor-cta__title elementor-cta__content-item elementor-content-item\">\n\t\t\t\t\t\tWorkshops\t\t\t\t\t<\/h3>\n\t\t\t\t\n\t\t\t\t\t\t\t\t\t<div class=\"elementor-cta__description elementor-cta__content-item elementor-content-item\">\n\t\t\t\t\t\tDevelop and strengthen the potential in your teams\t\t\t\t\t<\/div>\n\t\t\t\t\n\t\t\t\t\t\t\t\t\t<div class=\"elementor-cta__button-wrapper elementor-cta__content-item elementor-content-item\">\n\t\t\t\t\t<a class=\"elementor-cta__button elementor-button elementor-size-md\" href=\"https:\/\/caspers-caspers.com\/en\/process-support-business\/workshops\/\">\n\t\t\t\t\t\tLearn more \t\t\t\t\t<\/a>\n\t\t\t\t\t<\/div>\n\t\t\t\t\t\t\t<\/div>\n\t\t\t\t\t\t<\/div>\n\t\t\t\t\t\t<\/div>\n\t\t\t\t<\/div>\n\t\t\t\t\t<\/div>\n\t\t<\/div>\n\t\t\t\t\t<\/div>\n\t\t<\/section>\n\t\t\t\t\t<\/div>\n\t\t<\/div>\n\t\t\t\t\t<\/div>\n\t\t<\/section>\n\t\t\t\t<\/div>","protected":false},"excerpt":{"rendered":"<p>Prozessbegleitung ist eine auf individuelle Bed\u00fcrfnisse zugeschnittene Unterst\u00fctzung. Sie f\u00f6rdert Selbstreflexion, hilft bei der Zielerreichung, schafft positive Gruppendynamik und passt sich flexibel an die Anforderungen an. Ihr Zweck besteht darin, effektives Lernen und pers\u00f6nliches Wachstum zu erleichtern.&nbsp; Wir bieten Ihnen ma\u00dfgeschneiderte Prozessbegleitung in den Bereichen Coaching, Training und Workshops: Coaching Entdecken und entwickeln Sie Ihr [&hellip;]<\/p>\n","protected":false},"author":1,"featured_media":919,"parent":0,"menu_order":0,"comment_status":"closed","ping_status":"closed","template":"","meta":{"footnotes":""},"class_list":["post-117","page","type-page","status-publish","has-post-thumbnail","hentry"],"yoast_head":"<!-- This site is optimized with the Yoast SEO plugin v27.2 - https:\/\/yoast.com\/product\/yoast-seo-wordpress\/ -->\n<title>Prozess&shy;begleit&shy;ung Business - Caspers &amp; Caspers<\/title>\n<meta name=\"robots\" content=\"index, follow, max-snippet:-1, max-image-preview:large, max-video-preview:-1\" \/>\n<link rel=\"canonical\" href=\"https:\/\/caspers-caspers.com\/en\/process-support-business\/\" \/>\n<meta property=\"og:locale\" content=\"en_US\" \/>\n<meta property=\"og:type\" content=\"article\" \/>\n<meta property=\"og:title\" content=\"Prozess&shy;begleit&shy;ung Business - Caspers &amp; Caspers\" \/>\n<meta property=\"og:description\" content=\"Prozessbegleitung ist eine auf individuelle Bed\u00fcrfnisse zugeschnittene Unterst\u00fctzung. Sie f\u00f6rdert Selbstreflexion, hilft bei der Zielerreichung, schafft positive Gruppendynamik und passt sich flexibel an die Anforderungen an. Ihr Zweck besteht darin, effektives Lernen und pers\u00f6nliches Wachstum zu erleichtern.&nbsp; Wir bieten Ihnen ma\u00dfgeschneiderte Prozessbegleitung in den Bereichen Coaching, Training und Workshops: Coaching Entdecken und entwickeln Sie Ihr [&hellip;]\" \/>\n<meta property=\"og:url\" content=\"https:\/\/caspers-caspers.com\/en\/process-support-business\/\" \/>\n<meta property=\"og:site_name\" content=\"Caspers &amp; Caspers\" \/>\n<meta property=\"article:modified_time\" content=\"2023-11-14T14:26:28+00:00\" \/>\n<meta property=\"og:image\" content=\"https:\/\/caspers-caspers.com\/wp-content\/uploads\/caspers_and_caspers_prozessbegleitung_slider_002.jpg\" \/>\n\t<meta property=\"og:image:width\" content=\"2560\" \/>\n\t<meta property=\"og:image:height\" content=\"1345\" \/>\n\t<meta property=\"og:image:type\" content=\"image\/jpeg\" \/>\n<meta name=\"twitter:card\" content=\"summary_large_image\" \/>\n<meta name=\"twitter:label1\" content=\"Est. reading time\" \/>\n\t<meta name=\"twitter:data1\" content=\"1 minute\" \/>\n<script type=\"application\/ld+json\" class=\"yoast-schema-graph\">{\"@context\":\"https:\/\/schema.org\",\"@graph\":[{\"@type\":\"WebPage\",\"@id\":\"https:\/\/caspers-caspers.com\/prozessbegleitung-business\/\",\"url\":\"https:\/\/caspers-caspers.com\/prozessbegleitung-business\/\",\"name\":\"Prozess&shy;begleit&shy;ung Business - Caspers &amp; Caspers\",\"isPartOf\":{\"@id\":\"https:\/\/caspers-caspers.com\/#website\"},\"primaryImageOfPage\":{\"@id\":\"https:\/\/caspers-caspers.com\/prozessbegleitung-business\/#primaryimage\"},\"image\":{\"@id\":\"https:\/\/caspers-caspers.com\/prozessbegleitung-business\/#primaryimage\"},\"thumbnailUrl\":\"https:\/\/caspers-caspers.com\/wp-content\/uploads\/caspers_and_caspers_prozessbegleitung_slider_002.jpg\",\"datePublished\":\"2023-06-09T08:16:26+00:00\",\"dateModified\":\"2023-11-14T14:26:28+00:00\",\"breadcrumb\":{\"@id\":\"https:\/\/caspers-caspers.com\/prozessbegleitung-business\/#breadcrumb\"},\"inLanguage\":\"en-US\",\"potentialAction\":[{\"@type\":\"ReadAction\",\"target\":[\"https:\/\/caspers-caspers.com\/prozessbegleitung-business\/\"]}]},{\"@type\":\"ImageObject\",\"inLanguage\":\"en-US\",\"@id\":\"https:\/\/caspers-caspers.com\/prozessbegleitung-business\/#primaryimage\",\"url\":\"https:\/\/caspers-caspers.com\/wp-content\/uploads\/caspers_and_caspers_prozessbegleitung_slider_002.jpg\",\"contentUrl\":\"https:\/\/caspers-caspers.com\/wp-content\/uploads\/caspers_and_caspers_prozessbegleitung_slider_002.jpg\",\"width\":2560,\"height\":1345,\"caption\":\"Clarifying complex ideas theme with light bulb - Flat lay\"},{\"@type\":\"BreadcrumbList\",\"@id\":\"https:\/\/caspers-caspers.com\/prozessbegleitung-business\/#breadcrumb\",\"itemListElement\":[{\"@type\":\"ListItem\",\"position\":1,\"name\":\"Startseite\",\"item\":\"https:\/\/caspers-caspers.com\/de\/\"},{\"@type\":\"ListItem\",\"position\":2,\"name\":\"Prozess&shy;begleit&shy;ung Business\"}]},{\"@type\":\"WebSite\",\"@id\":\"https:\/\/caspers-caspers.com\/#website\",\"url\":\"https:\/\/caspers-caspers.com\/\",\"name\":\"Caspers &amp; Caspers\",\"description\":\"Die Kunst der gelungenen Interaktion\",\"publisher\":{\"@id\":\"https:\/\/caspers-caspers.com\/#organization\"},\"potentialAction\":[{\"@type\":\"SearchAction\",\"target\":{\"@type\":\"EntryPoint\",\"urlTemplate\":\"https:\/\/caspers-caspers.com\/?s={search_term_string}\"},\"query-input\":{\"@type\":\"PropertyValueSpecification\",\"valueRequired\":true,\"valueName\":\"search_term_string\"}}],\"inLanguage\":\"en-US\"},{\"@type\":\"Organization\",\"@id\":\"https:\/\/caspers-caspers.com\/#organization\",\"name\":\"Caspers &amp; Caspers\",\"url\":\"https:\/\/caspers-caspers.com\/\",\"logo\":{\"@type\":\"ImageObject\",\"inLanguage\":\"en-US\",\"@id\":\"https:\/\/caspers-caspers.com\/#\/schema\/logo\/image\/\",\"url\":\"https:\/\/caspers-caspers.com\/wp-content\/uploads\/cropped-CundC_Logo_Final_2023_001.png\",\"contentUrl\":\"https:\/\/caspers-caspers.com\/wp-content\/uploads\/cropped-CundC_Logo_Final_2023_001.png\",\"width\":500,\"height\":143,\"caption\":\"Caspers &amp; Caspers\"},\"image\":{\"@id\":\"https:\/\/caspers-caspers.com\/#\/schema\/logo\/image\/\"}}]}<\/script>\n<!-- \/ Yoast SEO plugin. -->","yoast_head_json":{"title":"Process support Business - Caspers &amp; Caspers","robots":{"index":"index","follow":"follow","max-snippet":"max-snippet:-1","max-image-preview":"max-image-preview:large","max-video-preview":"max-video-preview:-1"},"canonical":"https:\/\/caspers-caspers.com\/en\/process-support-business\/","og_locale":"en_US","og_type":"article","og_title":"Prozess&shy;begleit&shy;ung Business - Caspers &amp; Caspers","og_description":"Prozessbegleitung ist eine auf individuelle Bed\u00fcrfnisse zugeschnittene Unterst\u00fctzung. Sie f\u00f6rdert Selbstreflexion, hilft bei der Zielerreichung, schafft positive Gruppendynamik und passt sich flexibel an die Anforderungen an. Ihr Zweck besteht darin, effektives Lernen und pers\u00f6nliches Wachstum zu erleichtern.&nbsp; Wir bieten Ihnen ma\u00dfgeschneiderte Prozessbegleitung in den Bereichen Coaching, Training und Workshops: Coaching Entdecken und entwickeln Sie Ihr [&hellip;]","og_url":"https:\/\/caspers-caspers.com\/en\/process-support-business\/","og_site_name":"Caspers &amp; Caspers","article_modified_time":"2023-11-14T14:26:28+00:00","og_image":[{"width":2560,"height":1345,"url":"https:\/\/caspers-caspers.com\/wp-content\/uploads\/caspers_and_caspers_prozessbegleitung_slider_002.jpg","type":"image\/jpeg"}],"twitter_card":"summary_large_image","twitter_misc":{"Est. reading time":"1 minute"},"schema":{"@context":"https:\/\/schema.org","@graph":[{"@type":"WebPage","@id":"https:\/\/caspers-caspers.com\/prozessbegleitung-business\/","url":"https:\/\/caspers-caspers.com\/prozessbegleitung-business\/","name":"Process support Business - Caspers &amp; Caspers","isPartOf":{"@id":"https:\/\/caspers-caspers.com\/#website"},"primaryImageOfPage":{"@id":"https:\/\/caspers-caspers.com\/prozessbegleitung-business\/#primaryimage"},"image":{"@id":"https:\/\/caspers-caspers.com\/prozessbegleitung-business\/#primaryimage"},"thumbnailUrl":"https:\/\/caspers-caspers.com\/wp-content\/uploads\/caspers_and_caspers_prozessbegleitung_slider_002.jpg","datePublished":"2023-06-09T08:16:26+00:00","dateModified":"2023-11-14T14:26:28+00:00","breadcrumb":{"@id":"https:\/\/caspers-caspers.com\/prozessbegleitung-business\/#breadcrumb"},"inLanguage":"en-US","potentialAction":[{"@type":"ReadAction","target":["https:\/\/caspers-caspers.com\/prozessbegleitung-business\/"]}]},{"@type":"ImageObject","inLanguage":"en-US","@id":"https:\/\/caspers-caspers.com\/prozessbegleitung-business\/#primaryimage","url":"https:\/\/caspers-caspers.com\/wp-content\/uploads\/caspers_and_caspers_prozessbegleitung_slider_002.jpg","contentUrl":"https:\/\/caspers-caspers.com\/wp-content\/uploads\/caspers_and_caspers_prozessbegleitung_slider_002.jpg","width":2560,"height":1345,"caption":"Clarifying complex ideas theme with light bulb - Flat lay"},{"@type":"BreadcrumbList","@id":"https:\/\/caspers-caspers.com\/prozessbegleitung-business\/#breadcrumb","itemListElement":[{"@type":"ListItem","position":1,"name":"Startseite","item":"https:\/\/caspers-caspers.com\/de\/"},{"@type":"ListItem","position":2,"name":"Prozess&shy;begleit&shy;ung Business"}]},{"@type":"WebSite","@id":"https:\/\/caspers-caspers.com\/#website","url":"https:\/\/caspers-caspers.com\/","name":"Caspers &amp; Caspers","description":"The art of successful interaction","publisher":{"@id":"https:\/\/caspers-caspers.com\/#organization"},"potentialAction":[{"@type":"SearchAction","target":{"@type":"EntryPoint","urlTemplate":"https:\/\/caspers-caspers.com\/?s={search_term_string}"},"query-input":{"@type":"PropertyValueSpecification","valueRequired":true,"valueName":"search_term_string"}}],"inLanguage":"en-US"},{"@type":"Organization","@id":"https:\/\/caspers-caspers.com\/#organization","name":"Caspers &amp; Caspers","url":"https:\/\/caspers-caspers.com\/","logo":{"@type":"ImageObject","inLanguage":"en-US","@id":"https:\/\/caspers-caspers.com\/#\/schema\/logo\/image\/","url":"https:\/\/caspers-caspers.com\/wp-content\/uploads\/cropped-CundC_Logo_Final_2023_001.png","contentUrl":"https:\/\/caspers-caspers.com\/wp-content\/uploads\/cropped-CundC_Logo_Final_2023_001.png","width":500,"height":143,"caption":"Caspers &amp; Caspers"},"image":{"@id":"https:\/\/caspers-caspers.com\/#\/schema\/logo\/image\/"}}]}},"_links":{"self":[{"href":"https:\/\/caspers-caspers.com\/en\/wp-json\/wp\/v2\/pages\/117","targetHints":{"allow":["GET"]}}],"collection":[{"href":"https:\/\/caspers-caspers.com\/en\/wp-json\/wp\/v2\/pages"}],"about":[{"href":"https:\/\/caspers-caspers.com\/en\/wp-json\/wp\/v2\/types\/page"}],"author":[{"embeddable":true,"href":"https:\/\/caspers-caspers.com\/en\/wp-json\/wp\/v2\/users\/1"}],"replies":[{"embeddable":true,"href":"https:\/\/caspers-caspers.com\/en\/wp-json\/wp\/v2\/comments?post=117"}],"version-history":[{"count":75,"href":"https:\/\/caspers-caspers.com\/en\/wp-json\/wp\/v2\/pages\/117\/revisions"}],"predecessor-version":[{"id":1832,"href":"https:\/\/caspers-caspers.com\/en\/wp-json\/wp\/v2\/pages\/117\/revisions\/1832"}],"wp:featuredmedia":[{"embeddable":true,"href":"https:\/\/caspers-caspers.com\/en\/wp-json\/wp\/v2\/media\/919"}],"wp:attachment":[{"href":"https:\/\/caspers-caspers.com\/en\/wp-json\/wp\/v2\/media?parent=117"}],"curies":[{"name":"wp","href":"https:\/\/api.w.org\/{rel}","templated":true}]}}