{"id":1417,"date":"2023-10-27T15:02:38","date_gmt":"2023-10-27T13:02:38","guid":{"rendered":"https:\/\/caspers-caspers.com\/?page_id=1417"},"modified":"2025-02-21T13:30:26","modified_gmt":"2025-02-21T12:30:26","slug":"agb","status":"publish","type":"page","link":"https:\/\/caspers-caspers.com\/de\/agb\/","title":{"rendered":"AGB"},"content":{"rendered":"\t\t<div data-elementor-type=\"wp-page\" data-elementor-id=\"1417\" class=\"elementor elementor-1417\" data-elementor-post-type=\"page\">\n\t\t\t\t\t\t<section class=\"elementor-section elementor-top-section elementor-element elementor-element-df23895 elementor-section-boxed elementor-section-height-default elementor-section-height-default\" data-id=\"df23895\" data-element_type=\"section\" data-e-type=\"section\">\n\t\t\t\t\t\t<div class=\"elementor-container elementor-column-gap-default\">\n\t\t\t\t\t<div class=\"elementor-column elementor-col-100 elementor-top-column elementor-element elementor-element-6e65dd4\" data-id=\"6e65dd4\" data-element_type=\"column\" data-e-type=\"column\">\n\t\t\t<div class=\"elementor-widget-wrap elementor-element-populated\">\n\t\t\t\t\t\t<div class=\"elementor-element elementor-element-b554552 elementor-widget elementor-widget-text-editor\" data-id=\"b554552\" data-element_type=\"widget\" data-e-type=\"widget\" data-widget_type=\"text-editor.default\">\n\t\t\t\t<div class=\"elementor-widget-container\">\n\t\t\t\t\t\t\t\t\t<h2>Stornoregelung f\u00fcr offenes Seminar:<\/h2>\n<ul>\n<li>Wenn die Teilnahme am Seminar bis zu 8 Wochen vor Termin storniert wird: Keine Stornogeb\u00fchr.<\/li>\n<li>Wenn die Teilnahme zwischen 8 und 6 Wochen vor Termin storniert wird: 50% der Teilnehmergeb\u00fchr.<\/li>\n<li>Bei einer Stornierung nach 6 Wochen vor Termin fallen 100% der Teilnehmergeb\u00fchr an.<\/li>\n<li>Diese Stornoregelung entf\u00e4llt, wenn vor Ablauf der Stornofrist zwischen Caspers &amp; Caspers GbR Oliver &amp; Silke Caspers und dem Teilnehmenden eine beidseitige Vereinbarung zur Fristver\u00e4nderung getroffen wird oder von dem Teilnehmenden ein\/e Vertreter\/in benannt wird.<\/li>\n<\/ul>\n<h2>R\u00fccktritt vom Vertrag durch Caspers &amp; Caspers GbR Oliver &amp; Silke Caspers:<\/h2>\n<ul>\n<li>Caspers &amp; Caspers GbR Oliver &amp; Silke Caspers beh\u00e4lt sich im Falle h\u00f6herer Gewalt (insb. Krankheit, Unfall, usw. des Trainers) oder anderer von Caspers &amp; Caspers GbR Oliver &amp; Silke Caspers nicht zu vertretender Umst\u00e4nde (Krieg, lebensbedrohliche Umst\u00e4nde am Ausf\u00fchrungsort, usw.) eine Absage des Lehrganges vor.<\/li>\n<li>Der Teilnehmende wird in diesen F\u00e4llen schnellstm\u00f6glich benachrichtigt. Wenn m\u00f6glich wird ein Ersatztrainer benannt. Daraus f\u00fcr Caspers &amp; Caspers GbR Oliver &amp; Silke Caspers resultierende Zusatzkosten tr\u00e4gt Caspers &amp; Caspers GbR Oliver &amp; Silke Caspers. Ansonsten wird ein Ersatztermin benannt.<\/li>\n<\/ul>\n<h2>Zahlungsbedingungen und \u2013fristen:<\/h2>\n<ul>\n<li>Die Geb\u00fchr wird sofort nach der Buchung mit sofortigem Zahlungsziel in Rechnung gestellt. Der Rechnungsversand erfolgt in der Regel per E-Mail.<\/li>\n<li>Eine Ratenzahlung kann individuell vereinbart werden.<\/li>\n<li>Im Falle eines Verzugs beh\u00e4lt sich&nbsp;Caspers &amp; Caspers GbR Oliver &amp; Silke Caspers vor, einen Verzugszins von 8 % \u00fcber dem aktuellen Basiszinssatz nach \u00a7247 BGB zu erheben.<\/li>\n<\/ul>\n<h2>Urheber- und Nutzungsrechte:<\/h2>\n<ul>\n<li>Caspers &amp; Caspers GbR Oliver &amp; Silke Caspers ist der Eigent\u00fcmer s\u00e4mtlicher Rechte an Konzepten, Schulungsunterlagen, Materialien und Hand-Outs.<\/li>\n<li>Jede Verwendung dieser Konzepte, Schulungsunterlagen, Materialien und\/oder Hand-Outs oder Weitergabe an Dritte au\u00dferhalb der Schulungsma\u00dfnahmen, insbesondere die Reproduktion und\/oder die Vervielf\u00e4ltigung von<br>Schulungsunterlagen &#8211; auch auszugsweise \u2013 in jedweder Form ist untersagt.<\/li>\n<li>Urheberrechtsvermerke, Warenzeichen oder Markenzeichen d\u00fcrfen nicht entfernt werden.<\/li>\n<li>Im \u00dcbrigen gelten die gesetzlichen Bestimmungen, insbesondere des Urheberrechts und Strafrechts.<\/li>\n<\/ul>\n<h2>Vertraulichkeit:<\/h2>\n<ul>\n<li>Die Teilnehmenden verpflichten sich, die Beitr\u00e4ge und Identit\u00e4ten der anderen Teilnehmenden streng vertraulich zu behandeln, au\u00dfer, es ist von einzelnen explizit erw\u00fcnscht. Zuwiderhandlung kann rechtliche Folgen mit sich trage<\/li>\n<\/ul>\t\t\t\t\t\t\t\t<\/div>\n\t\t\t\t<\/div>\n\t\t\t\t\t<\/div>\n\t\t<\/div>\n\t\t\t\t\t<\/div>\n\t\t<\/section>\n\t\t\t\t<\/div>\n\t\t","protected":false},"excerpt":{"rendered":"<p>Stornoregelung f\u00fcr offenes Seminar: Wenn die Teilnahme am Seminar bis zu 8 Wochen vor Termin storniert wird: Keine Stornogeb\u00fchr. Wenn die Teilnahme zwischen 8 und 6 Wochen vor Termin storniert wird: 50% der Teilnehmergeb\u00fchr. Bei einer Stornierung nach 6 Wochen vor Termin fallen 100% der Teilnehmergeb\u00fchr an. Diese Stornoregelung entf\u00e4llt, wenn vor Ablauf der Stornofrist [&hellip;]<\/p>\n","protected":false},"author":1,"featured_media":688,"parent":0,"menu_order":0,"comment_status":"closed","ping_status":"closed","template":"","meta":{"footnotes":""},"class_list":["post-1417","page","type-page","status-publish","has-post-thumbnail","hentry"],"yoast_head":"<!-- This site is optimized with the Yoast SEO plugin v27.4 - https:\/\/yoast.com\/product\/yoast-seo-wordpress\/ -->\n<title>AGB - Caspers &amp; Caspers<\/title>\n<meta name=\"robots\" content=\"index, follow, max-snippet:-1, max-image-preview:large, max-video-preview:-1\" \/>\n<link rel=\"canonical\" href=\"https:\/\/caspers-caspers.com\/de\/agb\/\" \/>\n<meta property=\"og:locale\" content=\"de_DE\" \/>\n<meta property=\"og:type\" content=\"article\" \/>\n<meta property=\"og:title\" content=\"AGB - Caspers &amp; Caspers\" \/>\n<meta property=\"og:description\" content=\"Stornoregelung f\u00fcr offenes Seminar: Wenn die Teilnahme am Seminar bis zu 8 Wochen vor Termin storniert wird: Keine Stornogeb\u00fchr. Wenn die Teilnahme zwischen 8 und 6 Wochen vor Termin storniert wird: 50% der Teilnehmergeb\u00fchr. Bei einer Stornierung nach 6 Wochen vor Termin fallen 100% der Teilnehmergeb\u00fchr an. Diese Stornoregelung entf\u00e4llt, wenn vor Ablauf der Stornofrist [&hellip;]\" \/>\n<meta property=\"og:url\" content=\"https:\/\/caspers-caspers.com\/de\/agb\/\" \/>\n<meta property=\"og:site_name\" content=\"Caspers &amp; Caspers\" \/>\n<meta property=\"article:modified_time\" content=\"2025-02-21T12:30:26+00:00\" \/>\n<meta property=\"og:image\" content=\"https:\/\/caspers-caspers.com\/wp-content\/uploads\/caspers-caspers-ueber-uns-2023-003.jpg\" \/>\n\t<meta property=\"og:image:width\" content=\"1920\" \/>\n\t<meta property=\"og:image:height\" content=\"710\" \/>\n\t<meta property=\"og:image:type\" content=\"image\/jpeg\" \/>\n<meta name=\"twitter:card\" content=\"summary_large_image\" \/>\n<meta name=\"twitter:label1\" content=\"Gesch\u00e4tzte Lesezeit\" \/>\n\t<meta name=\"twitter:data1\" content=\"2\u00a0Minuten\" \/>\n<script type=\"application\/ld+json\" class=\"yoast-schema-graph\">{\"@context\":\"https:\\\/\\\/schema.org\",\"@graph\":[{\"@type\":\"WebPage\",\"@id\":\"https:\\\/\\\/caspers-caspers.com\\\/agb\\\/\",\"url\":\"https:\\\/\\\/caspers-caspers.com\\\/agb\\\/\",\"name\":\"AGB - Caspers &amp; Caspers\",\"isPartOf\":{\"@id\":\"https:\\\/\\\/caspers-caspers.com\\\/#website\"},\"primaryImageOfPage\":{\"@id\":\"https:\\\/\\\/caspers-caspers.com\\\/agb\\\/#primaryimage\"},\"image\":{\"@id\":\"https:\\\/\\\/caspers-caspers.com\\\/agb\\\/#primaryimage\"},\"thumbnailUrl\":\"https:\\\/\\\/caspers-caspers.com\\\/wp-content\\\/uploads\\\/caspers-caspers-ueber-uns-2023-003.jpg\",\"datePublished\":\"2023-10-27T13:02:38+00:00\",\"dateModified\":\"2025-02-21T12:30:26+00:00\",\"breadcrumb\":{\"@id\":\"https:\\\/\\\/caspers-caspers.com\\\/agb\\\/#breadcrumb\"},\"inLanguage\":\"de\",\"potentialAction\":[{\"@type\":\"ReadAction\",\"target\":[\"https:\\\/\\\/caspers-caspers.com\\\/agb\\\/\"]}]},{\"@type\":\"ImageObject\",\"inLanguage\":\"de\",\"@id\":\"https:\\\/\\\/caspers-caspers.com\\\/agb\\\/#primaryimage\",\"url\":\"https:\\\/\\\/caspers-caspers.com\\\/wp-content\\\/uploads\\\/caspers-caspers-ueber-uns-2023-003.jpg\",\"contentUrl\":\"https:\\\/\\\/caspers-caspers.com\\\/wp-content\\\/uploads\\\/caspers-caspers-ueber-uns-2023-003.jpg\",\"width\":1920,\"height\":710},{\"@type\":\"BreadcrumbList\",\"@id\":\"https:\\\/\\\/caspers-caspers.com\\\/agb\\\/#breadcrumb\",\"itemListElement\":[{\"@type\":\"ListItem\",\"position\":1,\"name\":\"Startseite\",\"item\":\"https:\\\/\\\/caspers-caspers.com\\\/de\\\/\"},{\"@type\":\"ListItem\",\"position\":2,\"name\":\"AGB\"}]},{\"@type\":\"WebSite\",\"@id\":\"https:\\\/\\\/caspers-caspers.com\\\/#website\",\"url\":\"https:\\\/\\\/caspers-caspers.com\\\/\",\"name\":\"Caspers &amp; Caspers\",\"description\":\"Die Kunst der gelungenen Interaktion\",\"publisher\":{\"@id\":\"https:\\\/\\\/caspers-caspers.com\\\/#organization\"},\"potentialAction\":[{\"@type\":\"SearchAction\",\"target\":{\"@type\":\"EntryPoint\",\"urlTemplate\":\"https:\\\/\\\/caspers-caspers.com\\\/?s={search_term_string}\"},\"query-input\":{\"@type\":\"PropertyValueSpecification\",\"valueRequired\":true,\"valueName\":\"search_term_string\"}}],\"inLanguage\":\"de\"},{\"@type\":\"Organization\",\"@id\":\"https:\\\/\\\/caspers-caspers.com\\\/#organization\",\"name\":\"Caspers &amp; Caspers\",\"url\":\"https:\\\/\\\/caspers-caspers.com\\\/\",\"logo\":{\"@type\":\"ImageObject\",\"inLanguage\":\"de\",\"@id\":\"https:\\\/\\\/caspers-caspers.com\\\/#\\\/schema\\\/logo\\\/image\\\/\",\"url\":\"https:\\\/\\\/caspers-caspers.com\\\/wp-content\\\/uploads\\\/cropped-CundC_Logo_Final_2023_001.png\",\"contentUrl\":\"https:\\\/\\\/caspers-caspers.com\\\/wp-content\\\/uploads\\\/cropped-CundC_Logo_Final_2023_001.png\",\"width\":500,\"height\":143,\"caption\":\"Caspers &amp; Caspers\"},\"image\":{\"@id\":\"https:\\\/\\\/caspers-caspers.com\\\/#\\\/schema\\\/logo\\\/image\\\/\"}}]}<\/script>\n<!-- \/ Yoast SEO plugin. -->","yoast_head_json":{"title":"AGB - Caspers &amp; Caspers","robots":{"index":"index","follow":"follow","max-snippet":"max-snippet:-1","max-image-preview":"max-image-preview:large","max-video-preview":"max-video-preview:-1"},"canonical":"https:\/\/caspers-caspers.com\/de\/agb\/","og_locale":"de_DE","og_type":"article","og_title":"AGB - Caspers &amp; Caspers","og_description":"Stornoregelung f\u00fcr offenes Seminar: Wenn die Teilnahme am Seminar bis zu 8 Wochen vor Termin storniert wird: Keine Stornogeb\u00fchr. Wenn die Teilnahme zwischen 8 und 6 Wochen vor Termin storniert wird: 50% der Teilnehmergeb\u00fchr. Bei einer Stornierung nach 6 Wochen vor Termin fallen 100% der Teilnehmergeb\u00fchr an. Diese Stornoregelung entf\u00e4llt, wenn vor Ablauf der Stornofrist [&hellip;]","og_url":"https:\/\/caspers-caspers.com\/de\/agb\/","og_site_name":"Caspers &amp; Caspers","article_modified_time":"2025-02-21T12:30:26+00:00","og_image":[{"width":1920,"height":710,"url":"https:\/\/caspers-caspers.com\/wp-content\/uploads\/caspers-caspers-ueber-uns-2023-003.jpg","type":"image\/jpeg"}],"twitter_card":"summary_large_image","twitter_misc":{"Gesch\u00e4tzte Lesezeit":"2\u00a0Minuten"},"schema":{"@context":"https:\/\/schema.org","@graph":[{"@type":"WebPage","@id":"https:\/\/caspers-caspers.com\/agb\/","url":"https:\/\/caspers-caspers.com\/agb\/","name":"AGB - Caspers &amp; Caspers","isPartOf":{"@id":"https:\/\/caspers-caspers.com\/#website"},"primaryImageOfPage":{"@id":"https:\/\/caspers-caspers.com\/agb\/#primaryimage"},"image":{"@id":"https:\/\/caspers-caspers.com\/agb\/#primaryimage"},"thumbnailUrl":"https:\/\/caspers-caspers.com\/wp-content\/uploads\/caspers-caspers-ueber-uns-2023-003.jpg","datePublished":"2023-10-27T13:02:38+00:00","dateModified":"2025-02-21T12:30:26+00:00","breadcrumb":{"@id":"https:\/\/caspers-caspers.com\/agb\/#breadcrumb"},"inLanguage":"de","potentialAction":[{"@type":"ReadAction","target":["https:\/\/caspers-caspers.com\/agb\/"]}]},{"@type":"ImageObject","inLanguage":"de","@id":"https:\/\/caspers-caspers.com\/agb\/#primaryimage","url":"https:\/\/caspers-caspers.com\/wp-content\/uploads\/caspers-caspers-ueber-uns-2023-003.jpg","contentUrl":"https:\/\/caspers-caspers.com\/wp-content\/uploads\/caspers-caspers-ueber-uns-2023-003.jpg","width":1920,"height":710},{"@type":"BreadcrumbList","@id":"https:\/\/caspers-caspers.com\/agb\/#breadcrumb","itemListElement":[{"@type":"ListItem","position":1,"name":"Startseite","item":"https:\/\/caspers-caspers.com\/de\/"},{"@type":"ListItem","position":2,"name":"AGB"}]},{"@type":"WebSite","@id":"https:\/\/caspers-caspers.com\/#website","url":"https:\/\/caspers-caspers.com\/","name":"Caspers &amp; Caspers","description":"Die Kunst der gelungenen Interaktion","publisher":{"@id":"https:\/\/caspers-caspers.com\/#organization"},"potentialAction":[{"@type":"SearchAction","target":{"@type":"EntryPoint","urlTemplate":"https:\/\/caspers-caspers.com\/?s={search_term_string}"},"query-input":{"@type":"PropertyValueSpecification","valueRequired":true,"valueName":"search_term_string"}}],"inLanguage":"de"},{"@type":"Organization","@id":"https:\/\/caspers-caspers.com\/#organization","name":"Caspers &amp; Caspers","url":"https:\/\/caspers-caspers.com\/","logo":{"@type":"ImageObject","inLanguage":"de","@id":"https:\/\/caspers-caspers.com\/#\/schema\/logo\/image\/","url":"https:\/\/caspers-caspers.com\/wp-content\/uploads\/cropped-CundC_Logo_Final_2023_001.png","contentUrl":"https:\/\/caspers-caspers.com\/wp-content\/uploads\/cropped-CundC_Logo_Final_2023_001.png","width":500,"height":143,"caption":"Caspers &amp; Caspers"},"image":{"@id":"https:\/\/caspers-caspers.com\/#\/schema\/logo\/image\/"}}]}},"_links":{"self":[{"href":"https:\/\/caspers-caspers.com\/de\/wp-json\/wp\/v2\/pages\/1417","targetHints":{"allow":["GET"]}}],"collection":[{"href":"https:\/\/caspers-caspers.com\/de\/wp-json\/wp\/v2\/pages"}],"about":[{"href":"https:\/\/caspers-caspers.com\/de\/wp-json\/wp\/v2\/types\/page"}],"author":[{"embeddable":true,"href":"https:\/\/caspers-caspers.com\/de\/wp-json\/wp\/v2\/users\/1"}],"replies":[{"embeddable":true,"href":"https:\/\/caspers-caspers.com\/de\/wp-json\/wp\/v2\/comments?post=1417"}],"version-history":[{"count":9,"href":"https:\/\/caspers-caspers.com\/de\/wp-json\/wp\/v2\/pages\/1417\/revisions"}],"predecessor-version":[{"id":2917,"href":"https:\/\/caspers-caspers.com\/de\/wp-json\/wp\/v2\/pages\/1417\/revisions\/2917"}],"wp:featuredmedia":[{"embeddable":true,"href":"https:\/\/caspers-caspers.com\/de\/wp-json\/wp\/v2\/media\/688"}],"wp:attachment":[{"href":"https:\/\/caspers-caspers.com\/de\/wp-json\/wp\/v2\/media?parent=1417"}],"curies":[{"name":"wp","href":"https:\/\/api.w.org\/{rel}","templated":true}]}}