{"id":101,"date":"2023-06-09T10:16:25","date_gmt":"2023-06-09T08:16:25","guid":{"rendered":"https:\/\/caspers-caspers.com\/social-media\/"},"modified":"2023-11-02T12:07:33","modified_gmt":"2023-11-02T11:07:33","slug":"workshops","status":"publish","type":"page","link":"https:\/\/caspers-caspers.com\/de\/prozessbegleitung-business\/workshops\/","title":{"rendered":"Workshops"},"content":{"rendered":"\t\t<div data-elementor-type=\"wp-page\" data-elementor-id=\"101\" class=\"elementor elementor-101\" data-elementor-post-type=\"page\">\n\t\t\t\t\t\t<section class=\"elementor-section elementor-top-section elementor-element elementor-element-20fa91b elementor-section-boxed elementor-section-height-default elementor-section-height-default\" data-id=\"20fa91b\" data-element_type=\"section\" data-e-type=\"section\">\n\t\t\t\t\t\t<div class=\"elementor-container elementor-column-gap-default\">\n\t\t\t\t\t<div class=\"elementor-column elementor-col-100 elementor-top-column elementor-element elementor-element-11fe99a\" data-id=\"11fe99a\" data-element_type=\"column\" data-e-type=\"column\">\n\t\t\t<div class=\"elementor-widget-wrap elementor-element-populated\">\n\t\t\t\t\t\t<div class=\"elementor-element elementor-element-f77c358 elementor-widget elementor-widget-heading\" data-id=\"f77c358\" data-element_type=\"widget\" data-e-type=\"widget\" data-widget_type=\"heading.default\">\n\t\t\t\t<div class=\"elementor-widget-container\">\n\t\t\t\t\t<h2 class=\"elementor-heading-title elementor-size-default\">Entwickeln und st\u00e4rken Sie das Potenzial in Ihren Teams!<\/h2>\t\t\t\t<\/div>\n\t\t\t\t<\/div>\n\t\t\t\t<div class=\"elementor-element elementor-element-1aee43f elementor-widget elementor-widget-text-editor\" data-id=\"1aee43f\" data-element_type=\"widget\" data-e-type=\"widget\" data-widget_type=\"text-editor.default\">\n\t\t\t\t<div class=\"elementor-widget-container\">\n\t\t\t\t\t\t\t\t\t<p>Workshops dienen als effektive Coaching-M\u00f6glichkeit f\u00fcr Teams, bei denen die Teammitglieder selbst die Inhalte bestimmen. Wir behandeln beispielsweise wichtige Fragen wie den Umgang mit steigenden Anforderungen, die Bew\u00e4ltigung von Ver\u00e4nderungen und die Erreichung von Zielen. <br \/>Als Workshopleitende bieten wir den Rahmen und die Methoden, um einen produktiven Austausch und kreative Ideenentwicklung zu f\u00f6rdern. <br \/>In bestimmten F\u00e4llen integrieren wir spezifische Schulungselemente, z.B. zur Verbesserung der Teaminteraktion oder interkulturellen Zusammenarbeit. Unsere Workshops werden individuell auf Ihre Bed\u00fcrfnisse und Ziele zugeschnitten, wobei wir besonderen Wert auf langfristige Umsetzbarkeit legen. F\u00fcr eine kostenfreie Erstberatung zur Bedarfsanalyse stehen wir Ihnen gerne zur Verf\u00fcgung. <\/p>\t\t\t\t\t\t\t\t<\/div>\n\t\t\t\t<\/div>\n\t\t\t\t<div class=\"elementor-element elementor-element-595c849 elementor-widget elementor-widget-image-gallery\" data-id=\"595c849\" data-element_type=\"widget\" data-e-type=\"widget\" data-widget_type=\"image-gallery.default\">\n\t\t\t\t<div class=\"elementor-widget-container\">\n\t\t\t\t\t\t\t<div class=\"elementor-image-gallery\">\n\t\t\t<div id='gallery-1' class='gallery galleryid-101 gallery-columns-3 gallery-size-medium'><figure class='gallery-item'>\n\t\t\t<div class='gallery-icon landscape'>\n\t\t\t\t<a data-elementor-open-lightbox=\"yes\" data-elementor-lightbox-slideshow=\"595c849\" data-elementor-lightbox-title=\"casper-casper_workshops-01\" data-e-action-hash=\"#elementor-action%3Aaction%3Dlightbox%26settings%3DeyJpZCI6ODUyLCJ1cmwiOiJodHRwczpcL1wvY2FzcGVycy1jYXNwZXJzLmNvbVwvd3AtY29udGVudFwvdXBsb2Fkc1wvY2FzcGVyLWNhc3Blcl93b3Jrc2hvcHMtMDEuanBnIiwic2xpZGVzaG93IjoiNTk1Yzg0OSJ9\" href='https:\/\/caspers-caspers.com\/wp-content\/uploads\/casper-casper_workshops-01.jpg'><img fetchpriority=\"high\" width=\"300\" height=\"200\" src=\"https:\/\/caspers-caspers.com\/wp-content\/uploads\/casper-casper_workshops-01-300x200.jpg\" class=\"attachment-medium size-medium\" alt=\"\" decoding=\"async\" srcset=\"https:\/\/caspers-caspers.com\/wp-content\/uploads\/casper-casper_workshops-01-300x200.jpg 300w, https:\/\/caspers-caspers.com\/wp-content\/uploads\/casper-casper_workshops-01-768x512.jpg 768w, https:\/\/caspers-caspers.com\/wp-content\/uploads\/casper-casper_workshops-01.jpg 1000w\" sizes=\"(max-width: 300px) 100vw, 300px\" \/><\/a>\n\t\t\t<\/div><\/figure><figure class='gallery-item'>\n\t\t\t<div class='gallery-icon landscape'>\n\t\t\t\t<a data-elementor-open-lightbox=\"yes\" data-elementor-lightbox-slideshow=\"595c849\" data-elementor-lightbox-title=\"casper-casper_workshops-02\" data-e-action-hash=\"#elementor-action%3Aaction%3Dlightbox%26settings%3DeyJpZCI6ODUzLCJ1cmwiOiJodHRwczpcL1wvY2FzcGVycy1jYXNwZXJzLmNvbVwvd3AtY29udGVudFwvdXBsb2Fkc1wvY2FzcGVyLWNhc3Blcl93b3Jrc2hvcHMtMDIuanBnIiwic2xpZGVzaG93IjoiNTk1Yzg0OSJ9\" href='https:\/\/caspers-caspers.com\/wp-content\/uploads\/casper-casper_workshops-02.jpg'><img width=\"300\" height=\"200\" src=\"https:\/\/caspers-caspers.com\/wp-content\/uploads\/casper-casper_workshops-02-300x200.jpg\" class=\"attachment-medium size-medium\" alt=\"\" decoding=\"async\" srcset=\"https:\/\/caspers-caspers.com\/wp-content\/uploads\/casper-casper_workshops-02-300x200.jpg 300w, https:\/\/caspers-caspers.com\/wp-content\/uploads\/casper-casper_workshops-02-768x512.jpg 768w, https:\/\/caspers-caspers.com\/wp-content\/uploads\/casper-casper_workshops-02.jpg 1000w\" sizes=\"(max-width: 300px) 100vw, 300px\" \/><\/a>\n\t\t\t<\/div><\/figure><figure class='gallery-item'>\n\t\t\t<div class='gallery-icon landscape'>\n\t\t\t\t<a data-elementor-open-lightbox=\"yes\" data-elementor-lightbox-slideshow=\"595c849\" data-elementor-lightbox-title=\"casper-casper_workshops-03\" data-e-action-hash=\"#elementor-action%3Aaction%3Dlightbox%26settings%3DeyJpZCI6ODU0LCJ1cmwiOiJodHRwczpcL1wvY2FzcGVycy1jYXNwZXJzLmNvbVwvd3AtY29udGVudFwvdXBsb2Fkc1wvY2FzcGVyLWNhc3Blcl93b3Jrc2hvcHMtMDMuanBnIiwic2xpZGVzaG93IjoiNTk1Yzg0OSJ9\" href='https:\/\/caspers-caspers.com\/wp-content\/uploads\/casper-casper_workshops-03.jpg'><img width=\"300\" height=\"200\" src=\"https:\/\/caspers-caspers.com\/wp-content\/uploads\/casper-casper_workshops-03-300x200.jpg\" class=\"attachment-medium size-medium\" alt=\"\" decoding=\"async\" srcset=\"https:\/\/caspers-caspers.com\/wp-content\/uploads\/casper-casper_workshops-03-300x200.jpg 300w, https:\/\/caspers-caspers.com\/wp-content\/uploads\/casper-casper_workshops-03-768x512.jpg 768w, https:\/\/caspers-caspers.com\/wp-content\/uploads\/casper-casper_workshops-03.jpg 1000w\" sizes=\"(max-width: 300px) 100vw, 300px\" \/><\/a>\n\t\t\t<\/div><\/figure>\n\t\t<\/div>\n\t\t<\/div>\n\t\t\t\t\t\t<\/div>\n\t\t\t\t<\/div>\n\t\t\t\t\t<\/div>\n\t\t<\/div>\n\t\t\t\t\t<\/div>\n\t\t<\/section>\n\t\t\t\t<section class=\"elementor-section elementor-top-section elementor-element elementor-element-36e2b07 elementor-section-height-min-height elementor-section-boxed elementor-section-height-default elementor-section-items-middle\" data-id=\"36e2b07\" data-element_type=\"section\" data-e-type=\"section\" data-settings=\"{&quot;background_background&quot;:&quot;classic&quot;}\">\n\t\t\t\t\t\t<div class=\"elementor-container elementor-column-gap-default\">\n\t\t\t\t\t<div class=\"elementor-column elementor-col-100 elementor-top-column elementor-element elementor-element-6614795\" data-id=\"6614795\" data-element_type=\"column\" data-e-type=\"column\">\n\t\t\t<div class=\"elementor-widget-wrap elementor-element-populated\">\n\t\t\t\t\t\t<div class=\"elementor-element elementor-element-d829ab1 elementor-widget elementor-widget-heading\" data-id=\"d829ab1\" data-element_type=\"widget\" data-e-type=\"widget\" data-widget_type=\"heading.default\">\n\t\t\t\t<div class=\"elementor-widget-container\">\n\t\t\t\t\t<h2 class=\"elementor-heading-title elementor-size-default\">Nehmen Sie diesbez\u00fcglich direkt Kontakt mit uns auf.<\/h2>\t\t\t\t<\/div>\n\t\t\t\t<\/div>\n\t\t\t\t<div class=\"elementor-element elementor-element-bc47900 elementor-align-center elementor-widget elementor-widget-button\" data-id=\"bc47900\" data-element_type=\"widget\" data-e-type=\"widget\" data-widget_type=\"button.default\">\n\t\t\t\t<div class=\"elementor-widget-container\">\n\t\t\t\t\t\t\t\t\t<div class=\"elementor-button-wrapper\">\n\t\t\t\t\t<a class=\"elementor-button elementor-button-link elementor-size-md elementor-animation-float\" href=\"https:\/\/caspers-caspers.com\/kontakt\/\" target=\"_blank\">\n\t\t\t\t\t\t<span class=\"elementor-button-content-wrapper\">\n\t\t\t\t\t\t\t\t\t<span class=\"elementor-button-text\">Jetzt Kontakt aufnehmen<\/span>\n\t\t\t\t\t<\/span>\n\t\t\t\t\t<\/a>\n\t\t\t\t<\/div>\n\t\t\t\t\t\t\t\t<\/div>\n\t\t\t\t<\/div>\n\t\t\t\t\t<\/div>\n\t\t<\/div>\n\t\t\t\t\t<\/div>\n\t\t<\/section>\n\t\t\t\t<\/div>\n\t\t","protected":false},"excerpt":{"rendered":"<p>Entwickeln und st\u00e4rken Sie das Potenzial in Ihren Teams! Workshops dienen als effektive Coaching-M\u00f6glichkeit f\u00fcr Teams, bei denen die Teammitglieder selbst die Inhalte bestimmen. Wir behandeln beispielsweise wichtige Fragen wie den Umgang mit steigenden Anforderungen, die Bew\u00e4ltigung von Ver\u00e4nderungen und die Erreichung von Zielen. Als Workshopleitende bieten wir den Rahmen und die Methoden, um einen [&hellip;]<\/p>\n","protected":false},"author":1,"featured_media":849,"parent":117,"menu_order":0,"comment_status":"closed","ping_status":"closed","template":"","meta":{"footnotes":""},"class_list":["post-101","page","type-page","status-publish","has-post-thumbnail","hentry"],"yoast_head":"<!-- This site is optimized with the Yoast SEO plugin v27.2 - https:\/\/yoast.com\/product\/yoast-seo-wordpress\/ -->\n<title>Workshops - Caspers &amp; Caspers<\/title>\n<meta name=\"robots\" content=\"index, follow, max-snippet:-1, max-image-preview:large, max-video-preview:-1\" \/>\n<link rel=\"canonical\" href=\"https:\/\/caspers-caspers.com\/de\/prozessbegleitung-business\/workshops\/\" \/>\n<meta property=\"og:locale\" content=\"de_DE\" \/>\n<meta property=\"og:type\" content=\"article\" \/>\n<meta property=\"og:title\" content=\"Workshops - Caspers &amp; Caspers\" \/>\n<meta property=\"og:description\" content=\"Entwickeln und st\u00e4rken Sie das Potenzial in Ihren Teams! Workshops dienen als effektive Coaching-M\u00f6glichkeit f\u00fcr Teams, bei denen die Teammitglieder selbst die Inhalte bestimmen. Wir behandeln beispielsweise wichtige Fragen wie den Umgang mit steigenden Anforderungen, die Bew\u00e4ltigung von Ver\u00e4nderungen und die Erreichung von Zielen. Als Workshopleitende bieten wir den Rahmen und die Methoden, um einen [&hellip;]\" \/>\n<meta property=\"og:url\" content=\"https:\/\/caspers-caspers.com\/de\/prozessbegleitung-business\/workshops\/\" \/>\n<meta property=\"og:site_name\" content=\"Caspers &amp; Caspers\" \/>\n<meta property=\"article:modified_time\" content=\"2023-11-02T11:07:33+00:00\" \/>\n<meta property=\"og:image\" content=\"https:\/\/caspers-caspers.com\/wp-content\/uploads\/caspers-casper-workshops.jpg\" \/>\n\t<meta property=\"og:image:width\" content=\"1000\" \/>\n\t<meta property=\"og:image:height\" content=\"667\" \/>\n\t<meta property=\"og:image:type\" content=\"image\/jpeg\" \/>\n<meta name=\"twitter:card\" content=\"summary_large_image\" \/>\n<meta name=\"twitter:label1\" content=\"Gesch\u00e4tzte Lesezeit\" \/>\n\t<meta name=\"twitter:data1\" content=\"2\u00a0Minuten\" \/>\n<script type=\"application\/ld+json\" class=\"yoast-schema-graph\">{\"@context\":\"https:\/\/schema.org\",\"@graph\":[{\"@type\":\"WebPage\",\"@id\":\"https:\/\/caspers-caspers.com\/prozessbegleitung-business\/workshops\/\",\"url\":\"https:\/\/caspers-caspers.com\/prozessbegleitung-business\/workshops\/\",\"name\":\"Workshops - Caspers &amp; Caspers\",\"isPartOf\":{\"@id\":\"https:\/\/caspers-caspers.com\/#website\"},\"primaryImageOfPage\":{\"@id\":\"https:\/\/caspers-caspers.com\/prozessbegleitung-business\/workshops\/#primaryimage\"},\"image\":{\"@id\":\"https:\/\/caspers-caspers.com\/prozessbegleitung-business\/workshops\/#primaryimage\"},\"thumbnailUrl\":\"https:\/\/caspers-caspers.com\/wp-content\/uploads\/caspers-casper-workshops.jpg\",\"datePublished\":\"2023-06-09T08:16:25+00:00\",\"dateModified\":\"2023-11-02T11:07:33+00:00\",\"breadcrumb\":{\"@id\":\"https:\/\/caspers-caspers.com\/prozessbegleitung-business\/workshops\/#breadcrumb\"},\"inLanguage\":\"de\",\"potentialAction\":[{\"@type\":\"ReadAction\",\"target\":[\"https:\/\/caspers-caspers.com\/prozessbegleitung-business\/workshops\/\"]}]},{\"@type\":\"ImageObject\",\"inLanguage\":\"de\",\"@id\":\"https:\/\/caspers-caspers.com\/prozessbegleitung-business\/workshops\/#primaryimage\",\"url\":\"https:\/\/caspers-caspers.com\/wp-content\/uploads\/caspers-casper-workshops.jpg\",\"contentUrl\":\"https:\/\/caspers-caspers.com\/wp-content\/uploads\/caspers-casper-workshops.jpg\",\"width\":1000,\"height\":667},{\"@type\":\"BreadcrumbList\",\"@id\":\"https:\/\/caspers-caspers.com\/prozessbegleitung-business\/workshops\/#breadcrumb\",\"itemListElement\":[{\"@type\":\"ListItem\",\"position\":1,\"name\":\"Startseite\",\"item\":\"https:\/\/caspers-caspers.com\/de\/\"},{\"@type\":\"ListItem\",\"position\":2,\"name\":\"Prozess&shy;begleit&shy;ung Business\",\"item\":\"https:\/\/caspers-caspers.com\/prozessbegleitung-business\/\"},{\"@type\":\"ListItem\",\"position\":3,\"name\":\"Workshops\"}]},{\"@type\":\"WebSite\",\"@id\":\"https:\/\/caspers-caspers.com\/#website\",\"url\":\"https:\/\/caspers-caspers.com\/\",\"name\":\"Caspers &amp; Caspers\",\"description\":\"Die Kunst der gelungenen Interaktion\",\"publisher\":{\"@id\":\"https:\/\/caspers-caspers.com\/#organization\"},\"potentialAction\":[{\"@type\":\"SearchAction\",\"target\":{\"@type\":\"EntryPoint\",\"urlTemplate\":\"https:\/\/caspers-caspers.com\/?s={search_term_string}\"},\"query-input\":{\"@type\":\"PropertyValueSpecification\",\"valueRequired\":true,\"valueName\":\"search_term_string\"}}],\"inLanguage\":\"de\"},{\"@type\":\"Organization\",\"@id\":\"https:\/\/caspers-caspers.com\/#organization\",\"name\":\"Caspers &amp; Caspers\",\"url\":\"https:\/\/caspers-caspers.com\/\",\"logo\":{\"@type\":\"ImageObject\",\"inLanguage\":\"de\",\"@id\":\"https:\/\/caspers-caspers.com\/#\/schema\/logo\/image\/\",\"url\":\"https:\/\/caspers-caspers.com\/wp-content\/uploads\/cropped-CundC_Logo_Final_2023_001.png\",\"contentUrl\":\"https:\/\/caspers-caspers.com\/wp-content\/uploads\/cropped-CundC_Logo_Final_2023_001.png\",\"width\":500,\"height\":143,\"caption\":\"Caspers &amp; Caspers\"},\"image\":{\"@id\":\"https:\/\/caspers-caspers.com\/#\/schema\/logo\/image\/\"}}]}<\/script>\n<!-- \/ Yoast SEO plugin. -->","yoast_head_json":{"title":"Workshops - Caspers &amp; Caspers","robots":{"index":"index","follow":"follow","max-snippet":"max-snippet:-1","max-image-preview":"max-image-preview:large","max-video-preview":"max-video-preview:-1"},"canonical":"https:\/\/caspers-caspers.com\/de\/prozessbegleitung-business\/workshops\/","og_locale":"de_DE","og_type":"article","og_title":"Workshops - Caspers &amp; Caspers","og_description":"Entwickeln und st\u00e4rken Sie das Potenzial in Ihren Teams! Workshops dienen als effektive Coaching-M\u00f6glichkeit f\u00fcr Teams, bei denen die Teammitglieder selbst die Inhalte bestimmen. Wir behandeln beispielsweise wichtige Fragen wie den Umgang mit steigenden Anforderungen, die Bew\u00e4ltigung von Ver\u00e4nderungen und die Erreichung von Zielen. Als Workshopleitende bieten wir den Rahmen und die Methoden, um einen [&hellip;]","og_url":"https:\/\/caspers-caspers.com\/de\/prozessbegleitung-business\/workshops\/","og_site_name":"Caspers &amp; Caspers","article_modified_time":"2023-11-02T11:07:33+00:00","og_image":[{"width":1000,"height":667,"url":"https:\/\/caspers-caspers.com\/wp-content\/uploads\/caspers-casper-workshops.jpg","type":"image\/jpeg"}],"twitter_card":"summary_large_image","twitter_misc":{"Gesch\u00e4tzte Lesezeit":"2\u00a0Minuten"},"schema":{"@context":"https:\/\/schema.org","@graph":[{"@type":"WebPage","@id":"https:\/\/caspers-caspers.com\/prozessbegleitung-business\/workshops\/","url":"https:\/\/caspers-caspers.com\/prozessbegleitung-business\/workshops\/","name":"Workshops - Caspers &amp; Caspers","isPartOf":{"@id":"https:\/\/caspers-caspers.com\/#website"},"primaryImageOfPage":{"@id":"https:\/\/caspers-caspers.com\/prozessbegleitung-business\/workshops\/#primaryimage"},"image":{"@id":"https:\/\/caspers-caspers.com\/prozessbegleitung-business\/workshops\/#primaryimage"},"thumbnailUrl":"https:\/\/caspers-caspers.com\/wp-content\/uploads\/caspers-casper-workshops.jpg","datePublished":"2023-06-09T08:16:25+00:00","dateModified":"2023-11-02T11:07:33+00:00","breadcrumb":{"@id":"https:\/\/caspers-caspers.com\/prozessbegleitung-business\/workshops\/#breadcrumb"},"inLanguage":"de","potentialAction":[{"@type":"ReadAction","target":["https:\/\/caspers-caspers.com\/prozessbegleitung-business\/workshops\/"]}]},{"@type":"ImageObject","inLanguage":"de","@id":"https:\/\/caspers-caspers.com\/prozessbegleitung-business\/workshops\/#primaryimage","url":"https:\/\/caspers-caspers.com\/wp-content\/uploads\/caspers-casper-workshops.jpg","contentUrl":"https:\/\/caspers-caspers.com\/wp-content\/uploads\/caspers-casper-workshops.jpg","width":1000,"height":667},{"@type":"BreadcrumbList","@id":"https:\/\/caspers-caspers.com\/prozessbegleitung-business\/workshops\/#breadcrumb","itemListElement":[{"@type":"ListItem","position":1,"name":"Startseite","item":"https:\/\/caspers-caspers.com\/de\/"},{"@type":"ListItem","position":2,"name":"Prozess&shy;begleit&shy;ung Business","item":"https:\/\/caspers-caspers.com\/prozessbegleitung-business\/"},{"@type":"ListItem","position":3,"name":"Workshops"}]},{"@type":"WebSite","@id":"https:\/\/caspers-caspers.com\/#website","url":"https:\/\/caspers-caspers.com\/","name":"Caspers &amp; Caspers","description":"Die Kunst der gelungenen Interaktion","publisher":{"@id":"https:\/\/caspers-caspers.com\/#organization"},"potentialAction":[{"@type":"SearchAction","target":{"@type":"EntryPoint","urlTemplate":"https:\/\/caspers-caspers.com\/?s={search_term_string}"},"query-input":{"@type":"PropertyValueSpecification","valueRequired":true,"valueName":"search_term_string"}}],"inLanguage":"de"},{"@type":"Organization","@id":"https:\/\/caspers-caspers.com\/#organization","name":"Caspers &amp; Caspers","url":"https:\/\/caspers-caspers.com\/","logo":{"@type":"ImageObject","inLanguage":"de","@id":"https:\/\/caspers-caspers.com\/#\/schema\/logo\/image\/","url":"https:\/\/caspers-caspers.com\/wp-content\/uploads\/cropped-CundC_Logo_Final_2023_001.png","contentUrl":"https:\/\/caspers-caspers.com\/wp-content\/uploads\/cropped-CundC_Logo_Final_2023_001.png","width":500,"height":143,"caption":"Caspers &amp; Caspers"},"image":{"@id":"https:\/\/caspers-caspers.com\/#\/schema\/logo\/image\/"}}]}},"_links":{"self":[{"href":"https:\/\/caspers-caspers.com\/de\/wp-json\/wp\/v2\/pages\/101","targetHints":{"allow":["GET"]}}],"collection":[{"href":"https:\/\/caspers-caspers.com\/de\/wp-json\/wp\/v2\/pages"}],"about":[{"href":"https:\/\/caspers-caspers.com\/de\/wp-json\/wp\/v2\/types\/page"}],"author":[{"embeddable":true,"href":"https:\/\/caspers-caspers.com\/de\/wp-json\/wp\/v2\/users\/1"}],"replies":[{"embeddable":true,"href":"https:\/\/caspers-caspers.com\/de\/wp-json\/wp\/v2\/comments?post=101"}],"version-history":[{"count":45,"href":"https:\/\/caspers-caspers.com\/de\/wp-json\/wp\/v2\/pages\/101\/revisions"}],"predecessor-version":[{"id":1663,"href":"https:\/\/caspers-caspers.com\/de\/wp-json\/wp\/v2\/pages\/101\/revisions\/1663"}],"up":[{"embeddable":true,"href":"https:\/\/caspers-caspers.com\/de\/wp-json\/wp\/v2\/pages\/117"}],"wp:featuredmedia":[{"embeddable":true,"href":"https:\/\/caspers-caspers.com\/de\/wp-json\/wp\/v2\/media\/849"}],"wp:attachment":[{"href":"https:\/\/caspers-caspers.com\/de\/wp-json\/wp\/v2\/media?parent=101"}],"curies":[{"name":"wp","href":"https:\/\/api.w.org\/{rel}","templated":true}]}}